{"id":2849,"date":"2023-06-16T15:36:55","date_gmt":"2023-06-16T13:36:55","guid":{"rendered":"https:\/\/www.academiasarroca.com\/accessibility-policy\/"},"modified":"2026-03-17T14:21:59","modified_gmt":"2026-03-17T13:21:59","slug":"accessibility-policy","status":"publish","type":"page","link":"https:\/\/www.academiasarroca.com\/en\/accessibility-policy\/","title":{"rendered":"Accessibility Policy"},"content":{"rendered":"\t\t<div data-elementor-type=\"wp-page\" data-elementor-id=\"2849\" class=\"elementor elementor-2849 elementor-325\" data-elementor-post-type=\"page\">\n\t\t\t\t<div class=\"elementor-element elementor-element-388be2b e-flex e-con-boxed e-con e-parent\" data-id=\"388be2b\" data-element_type=\"container\" data-e-type=\"container\">\n\t\t\t\t\t<div class=\"e-con-inner\">\n\t\t\t\t<div class=\"elementor-element elementor-element-494fd30 elementor-widget elementor-widget-heading\" data-id=\"494fd30\" data-element_type=\"widget\" data-e-type=\"widget\" data-widget_type=\"heading.default\">\n\t\t\t\t<div class=\"elementor-widget-container\">\n\t\t\t\t\t<h1 class=\"elementor-heading-title elementor-size-default\">ACCESSIBILITY POLICY<\/h1>\t\t\t\t<\/div>\n\t\t\t\t<\/div>\n\t\t\t\t<div class=\"elementor-element elementor-element-829b1e9 elementor-widget elementor-widget-text-editor\" data-id=\"829b1e9\" data-element_type=\"widget\" data-e-type=\"widget\" data-widget_type=\"text-editor.default\">\n\t\t\t\t<div class=\"elementor-widget-container\">\n\t\t\t\t\t\t\t\t\tThe company  <strong><\/strong>  is committed to making its website accessible in accordance with Royal Decree 1112\/2018, of September 7, on the accessibility of websites and applications for mobile devices in the public sector, or developments financed from Europe.\n\nThis accessibility statement applies to the website  <strong><\/strong><span style=\"color: #ff0000;\"><strong> <\/strong><\/span>excluding embedded content from other domains.\n\n<strong>Compliance status<\/strong>\nThis website is partially compliant with RD 1112\/2018 due to the non-compliance of the aspects indicated below.\n\n<strong>Non-accessible content<\/strong>\n\nThe content listed below is not accessible for the following reasons:\n\n<ul> <li>Non-compliance:<\/li> <li>There may be some images whose alternative text is not implemented or is incorrect \u2013 Requirement 9.1.1.1 Non-textual content UNE-EN 301549:2022<\/li> <li>In forms, there may be fields that have not been facilitated for completion using automatic systems \u2013 Requirement 9.1.3.5 Identify input purpose UNE-EN 301549:2022<\/li> <li>There may be elements whose contrast is insufficient on some pages \u2013 Requirement 9.1.4.3 Contrast UNE-EN 301549:2020<\/li> <li>There may be form fields whose label is incorrect or does not exist \u2013 Requirement number 9.3.3.2 Labels or instructions of UNE-EN 301549:2022<\/li> <li>There may be some processing errors in the code \u2013 Requirement number 9.4.1.1 Processing of UNE-EN 301549:2022<\/li> <li>There could be occasional editing failures on some web pages.<\/li> <li>Disproportionate burden: Not applicable.<\/li> <li>The content does not fall within the scope of the applicable legislation. There could be office files in PDF or other formats published before September 20, 2018, that do not fully meet all accessibility requirements. There may be third-party content that is not developed by this Unit, nor under its control, such as office files from different organizations that must be published on this site.<\/li> <\/ul> <strong>Observations and contact details<\/strong> <ul> <li>You can make communications regarding accessibility requirements [article 10.2.a) of RD 1112\/2018] such as, for example: Reporting any possible non-compliance by this website.<\/li> <li>Conveying other difficulties in accessing content.<\/li> <li>Formulating any other query or suggestion for improvement regarding the accessibility of the website through the following email: <strong><\/strong> or by calling <strong><\/strong> from 9 AM to 2 PM, Monday to Friday.<\/li> <\/ul> <strong>You may submit:<\/strong> <ul> <li>A complaint regarding compliance with the requirements of RD 1112\/2018<\/li> <li>A request for accessible information regarding:  <ul> <li>Content that is excluded from the scope of application of RD 1112\/2018 as established in article 3, paragraph 4.<\/li> <li>Content that is exempt from compliance with accessibility requirements due to imposing a disproportionate burden.<\/li> <\/ul> <\/li> <\/ul>  In the request for accessible information, the facts, reasons, and request must be clearly specified to demonstrate that it is a reasonable and legitimate request.\t\t\t\t\t\t\t\t<\/div>\n\t\t\t\t<\/div>\n\t\t\t\t\t<\/div>\n\t\t\t\t<\/div>\n\t\t\t\t<\/div>\n\t\t","protected":false},"excerpt":{"rendered":"<p>ACCESSIBILITY POLICY The company is committed to making its website accessible in accordance with Royal Decree 1112\/2018, of September 7, on the accessibility of websites and applications for mobile devices in the public sector, or developments financed from Europe. This accessibility statement applies to the website excluding embedded content from other domains. Compliance status This [&hellip;]<\/p>\n","protected":false},"author":3,"featured_media":0,"parent":0,"menu_order":0,"comment_status":"closed","ping_status":"closed","template":"","meta":{"_acf_changed":false,"inline_featured_image":false,"footnotes":""},"class_list":["post-2849","page","type-page","status-publish","hentry"],"acf":[],"yoast_head":"<!-- This site is optimized with the Yoast SEO plugin v27.2 - https:\/\/yoast.com\/product\/yoast-seo-wordpress\/ -->\n<title>\u25b7Accessibility Policy - \u3010 Acad\u00e8mia Sarroca \u3011<\/title>\n<meta name=\"description\" content=\"ACCESSIBILITY POLICY The company is committed to making its website accessible in accordance with Royal Decree 1112\/2018, of September 7, on the \u2713\" \/>\n<meta name=\"robots\" content=\"noindex, nofollow\" \/>\n<meta property=\"og:locale\" content=\"en_US\" \/>\n<meta property=\"og:type\" content=\"article\" \/>\n<meta property=\"og:title\" content=\"\u25b7Accessibility Policy - \u3010 Acad\u00e8mia Sarroca \u3011\" \/>\n<meta property=\"og:description\" content=\"ACCESSIBILITY POLICY The company is committed to making its website accessible in accordance with Royal Decree 1112\/2018, of September 7, on the \u2713\" \/>\n<meta property=\"og:url\" content=\"https:\/\/www.academiasarroca.com\/en\/accessibility-policy\/\" \/>\n<meta property=\"og:site_name\" content=\"Acad\u00e8mia Sarroca\" \/>\n<meta property=\"article:modified_time\" content=\"2026-03-17T13:21:59+00:00\" \/>\n<meta name=\"twitter:card\" content=\"summary_large_image\" \/>\n<meta name=\"twitter:label1\" content=\"Est. reading time\" \/>\n\t<meta name=\"twitter:data1\" content=\"2 minutes\" \/>\n<script type=\"application\/ld+json\" class=\"yoast-schema-graph\">{\"@context\":\"https:\/\/schema.org\",\"@graph\":[{\"@type\":\"WebPage\",\"@id\":\"https:\/\/www.academiasarroca.com\/en\/accessibility-policy\/\",\"url\":\"https:\/\/www.academiasarroca.com\/en\/accessibility-policy\/\",\"name\":\"\u25b7Accessibility Policy - \u3010 Acad\u00e8mia Sarroca \u3011\",\"isPartOf\":{\"@id\":\"https:\/\/www.academiasarroca.com\/#website\"},\"datePublished\":\"2023-06-16T13:36:55+00:00\",\"dateModified\":\"2026-03-17T13:21:59+00:00\",\"description\":\"ACCESSIBILITY POLICY The company is committed to making its website accessible in accordance with Royal Decree 1112\/2018, of September 7, on the \u2713\",\"breadcrumb\":{\"@id\":\"https:\/\/www.academiasarroca.com\/en\/accessibility-policy\/#breadcrumb\"},\"inLanguage\":\"en-US\",\"potentialAction\":[{\"@type\":\"ReadAction\",\"target\":[\"https:\/\/www.academiasarroca.com\/en\/accessibility-policy\/\"]}]},{\"@type\":\"BreadcrumbList\",\"@id\":\"https:\/\/www.academiasarroca.com\/en\/accessibility-policy\/#breadcrumb\",\"itemListElement\":[{\"@type\":\"ListItem\",\"position\":1,\"name\":\"Portada\",\"item\":\"https:\/\/www.academiasarroca.com\/en\/home\/\"},{\"@type\":\"ListItem\",\"position\":2,\"name\":\"Accessibility Policy\"}]},{\"@type\":\"WebSite\",\"@id\":\"https:\/\/www.academiasarroca.com\/#website\",\"url\":\"https:\/\/www.academiasarroca.com\/\",\"name\":\"Acad\u00e8mia Sarroca\",\"description\":\"L&#039;Escola d&#039;Angl\u00e8s de M\u00f3ra d&#039;Ebre\",\"publisher\":{\"@id\":\"https:\/\/www.academiasarroca.com\/#organization\"},\"potentialAction\":[{\"@type\":\"SearchAction\",\"target\":{\"@type\":\"EntryPoint\",\"urlTemplate\":\"https:\/\/www.academiasarroca.com\/?s={search_term_string}\"},\"query-input\":{\"@type\":\"PropertyValueSpecification\",\"valueRequired\":true,\"valueName\":\"search_term_string\"}}],\"inLanguage\":\"en-US\"},{\"@type\":\"Organization\",\"@id\":\"https:\/\/www.academiasarroca.com\/#organization\",\"name\":\"Acad\u00e8mia Sarroca\",\"url\":\"https:\/\/www.academiasarroca.com\/\",\"logo\":{\"@type\":\"ImageObject\",\"inLanguage\":\"en-US\",\"@id\":\"https:\/\/www.academiasarroca.com\/#\/schema\/logo\/image\/\",\"url\":\"https:\/\/www.academiasarroca.com\/wp-content\/uploads\/2021\/10\/cropped-wwwarcelona-logo.png\",\"contentUrl\":\"https:\/\/www.academiasarroca.com\/wp-content\/uploads\/2021\/10\/cropped-wwwarcelona-logo.png\",\"width\":934,\"height\":266,\"caption\":\"Acad\u00e8mia Sarroca\"},\"image\":{\"@id\":\"https:\/\/www.academiasarroca.com\/#\/schema\/logo\/image\/\"}}]}<\/script>\n<!-- \/ Yoast SEO plugin. -->","yoast_head_json":{"title":"\u25b7Accessibility Policy - \u3010 Acad\u00e8mia Sarroca \u3011","description":"ACCESSIBILITY POLICY The company is committed to making its website accessible in accordance with Royal Decree 1112\/2018, of September 7, on the \u2713","robots":{"index":"noindex","follow":"nofollow"},"og_locale":"en_US","og_type":"article","og_title":"\u25b7Accessibility Policy - \u3010 Acad\u00e8mia Sarroca \u3011","og_description":"ACCESSIBILITY POLICY The company is committed to making its website accessible in accordance with Royal Decree 1112\/2018, of September 7, on the \u2713","og_url":"https:\/\/www.academiasarroca.com\/en\/accessibility-policy\/","og_site_name":"Acad\u00e8mia Sarroca","article_modified_time":"2026-03-17T13:21:59+00:00","twitter_card":"summary_large_image","twitter_misc":{"Est. reading time":"2 minutes"},"schema":{"@context":"https:\/\/schema.org","@graph":[{"@type":"WebPage","@id":"https:\/\/www.academiasarroca.com\/en\/accessibility-policy\/","url":"https:\/\/www.academiasarroca.com\/en\/accessibility-policy\/","name":"\u25b7Accessibility Policy - \u3010 Acad\u00e8mia Sarroca \u3011","isPartOf":{"@id":"https:\/\/www.academiasarroca.com\/#website"},"datePublished":"2023-06-16T13:36:55+00:00","dateModified":"2026-03-17T13:21:59+00:00","description":"ACCESSIBILITY POLICY The company is committed to making its website accessible in accordance with Royal Decree 1112\/2018, of September 7, on the \u2713","breadcrumb":{"@id":"https:\/\/www.academiasarroca.com\/en\/accessibility-policy\/#breadcrumb"},"inLanguage":"en-US","potentialAction":[{"@type":"ReadAction","target":["https:\/\/www.academiasarroca.com\/en\/accessibility-policy\/"]}]},{"@type":"BreadcrumbList","@id":"https:\/\/www.academiasarroca.com\/en\/accessibility-policy\/#breadcrumb","itemListElement":[{"@type":"ListItem","position":1,"name":"Portada","item":"https:\/\/www.academiasarroca.com\/en\/home\/"},{"@type":"ListItem","position":2,"name":"Accessibility Policy"}]},{"@type":"WebSite","@id":"https:\/\/www.academiasarroca.com\/#website","url":"https:\/\/www.academiasarroca.com\/","name":"Acad\u00e8mia Sarroca","description":"L&#039;Escola d&#039;Angl\u00e8s de M\u00f3ra d&#039;Ebre","publisher":{"@id":"https:\/\/www.academiasarroca.com\/#organization"},"potentialAction":[{"@type":"SearchAction","target":{"@type":"EntryPoint","urlTemplate":"https:\/\/www.academiasarroca.com\/?s={search_term_string}"},"query-input":{"@type":"PropertyValueSpecification","valueRequired":true,"valueName":"search_term_string"}}],"inLanguage":"en-US"},{"@type":"Organization","@id":"https:\/\/www.academiasarroca.com\/#organization","name":"Acad\u00e8mia Sarroca","url":"https:\/\/www.academiasarroca.com\/","logo":{"@type":"ImageObject","inLanguage":"en-US","@id":"https:\/\/www.academiasarroca.com\/#\/schema\/logo\/image\/","url":"https:\/\/www.academiasarroca.com\/wp-content\/uploads\/2021\/10\/cropped-wwwarcelona-logo.png","contentUrl":"https:\/\/www.academiasarroca.com\/wp-content\/uploads\/2021\/10\/cropped-wwwarcelona-logo.png","width":934,"height":266,"caption":"Acad\u00e8mia Sarroca"},"image":{"@id":"https:\/\/www.academiasarroca.com\/#\/schema\/logo\/image\/"}}]}},"_links":{"self":[{"href":"https:\/\/www.academiasarroca.com\/en\/wp-json\/wp\/v2\/pages\/2849","targetHints":{"allow":["GET"]}}],"collection":[{"href":"https:\/\/www.academiasarroca.com\/en\/wp-json\/wp\/v2\/pages"}],"about":[{"href":"https:\/\/www.academiasarroca.com\/en\/wp-json\/wp\/v2\/types\/page"}],"author":[{"embeddable":true,"href":"https:\/\/www.academiasarroca.com\/en\/wp-json\/wp\/v2\/users\/3"}],"replies":[{"embeddable":true,"href":"https:\/\/www.academiasarroca.com\/en\/wp-json\/wp\/v2\/comments?post=2849"}],"version-history":[{"count":1,"href":"https:\/\/www.academiasarroca.com\/en\/wp-json\/wp\/v2\/pages\/2849\/revisions"}],"predecessor-version":[{"id":2850,"href":"https:\/\/www.academiasarroca.com\/en\/wp-json\/wp\/v2\/pages\/2849\/revisions\/2850"}],"wp:attachment":[{"href":"https:\/\/www.academiasarroca.com\/en\/wp-json\/wp\/v2\/media?parent=2849"}],"curies":[{"name":"wp","href":"https:\/\/api.w.org\/{rel}","templated":true}]}}