{"id":2954,"date":"2021-10-18T07:29:35","date_gmt":"2021-10-18T05:29:35","guid":{"rendered":"https:\/\/www.academiasarroca.com\/cookie-policy\/"},"modified":"2026-03-17T14:24:09","modified_gmt":"2026-03-17T13:24:09","slug":"cookie-policy","status":"publish","type":"page","link":"https:\/\/www.academiasarroca.com\/en\/cookie-policy\/","title":{"rendered":"Cookie Policy"},"content":{"rendered":"\t\t<div data-elementor-type=\"wp-page\" data-elementor-id=\"2954\" class=\"elementor elementor-2954 elementor-99\" data-elementor-post-type=\"page\">\n\t\t\t\t<div class=\"elementor-element elementor-element-a679816 e-flex e-con-boxed e-con e-parent\" data-id=\"a679816\" data-element_type=\"container\" data-e-type=\"container\">\n\t\t\t\t\t<div class=\"e-con-inner\">\n\t\t\t\t<div class=\"elementor-element elementor-element-5e7fd54 elementor-widget elementor-widget-heading\" data-id=\"5e7fd54\" data-element_type=\"widget\" data-e-type=\"widget\" data-widget_type=\"heading.default\">\n\t\t\t\t<div class=\"elementor-widget-container\">\n\t\t\t\t\t<h1 class=\"elementor-heading-title elementor-size-default\">COOKIE POLICY AND LOCAL STORAGE<\/h1>\t\t\t\t<\/div>\n\t\t\t\t<\/div>\n\t\t\t\t<div class=\"elementor-element elementor-element-b7ba3c6 elementor-widget elementor-widget-text-editor\" data-id=\"b7ba3c6\" data-element_type=\"widget\" data-e-type=\"widget\" data-widget_type=\"text-editor.default\">\n\t\t\t\t<div class=\"elementor-widget-container\">\n\t\t\t\t\t\t\t\t\t<strong>COOKIE POLICY AND LOCAL STORAGE<\/strong>\n\nThis website uses cookies and similar technologies to provide the service, as well as to allow us to improve it by obtaining statistics on its use and other purposes.\n\nBrowsing this website necessarily involves the use of cookies and similar technologies whenever necessary for its operation. Likewise, for certain purposes, cookies and local storage will be subject to your prior consent. You can accept or reject cookies through the established configuration system, and it is also possible to configure your browser to prevent their use.  \n\nThis policy is part of our privacy policy and includes the following:\n\n<ul> <li>What are cookies?<\/li> <li>What are cookies used for?<\/li> <li>What do we mean by technologies similar to cookies?<\/li> <li>What are third-party cookies? Who are the recipients of the information? <\/li> <li>Which third-party functions and features do we use on our website?<\/li> <li>How long do cookies or similar technologies remain active?<\/li> <li>Use of browsers with private browsing mode.<\/li> <li>How to prevent the use of cookies and how to delete them?<\/li> <\/ul> <h3>What are cookies?<\/h3>  &#8220;Cookies&#8221; are small temporary files created on the user&#8217;s device (computer, phone, tablet, etc.) when visiting a website. They allow information to be stored or retrieved when you browse\u2014for example, to save your usage preferences, recognize you on subsequent visits, or collect information about your browsing habits. \n\nWhen a website creates a cookie on the device, the website address\/domain, the duration of the cookie (which can range from a few minutes to several years), and the content of the cookie are stored. You can disable cookies at any time through this website&#8217;s configuration system or by configuring your browser to prevent their use. \n\n<h3>What are cookies used for?<\/h3>  The most common uses or purposes are:  <ul> <li><strong>Essential technical cookies:<\/strong> To manage the navigation flow within the website or keep the user logged in. By disabling them, some sections may not function correctly. <\/li> <li><strong>Personalization cookies:<\/strong> Necessary to remember certain user preferences.<\/li> <li><strong>Analytical cookies:<\/strong> They help us collect information about the origin of users and their navigation within the website to perform statistical analysis and improve the structure and content.<\/li> <li><strong>Advertising cookies:<\/strong> To manage the ads that appear on the website and decide on their content or frequency.<\/li> <li><strong>Behavioral advertising cookies:<\/strong> They collect the user&#8217;s browsing habits to create an interest profile and show adapted advertisements.<\/li> <li><strong>Social sharing cookies:<\/strong> They identify the user on their social networks to share content.<\/li> <\/ul> <h3>What do we mean by technologies similar to cookies?<\/h3>  This refers to any mechanism for storing and retrieving data on the user&#8217;s device. The most common include:   <ul> <li><strong>Browser local storage:<\/strong> Such as &#8220;sessionStorage&#8221; and &#8220;localStorage&#8221;.<\/li> <li><strong>Browser plugin local storage:<\/strong> Example: Flash Local Shared Objects or Silverlight Isolated Objects.<\/li> <li><strong>Web beacons:<\/strong> Images hosted on servers that allow recording visits to pages or emails.<\/li> <li><strong>Fingerprinting:<\/strong> Combines browser or device information to identify the user on successive visits.<\/li> <\/ul> <h3>What are third-party cookies? Who are the recipients of the information? <\/h3>  Cookies are classified into:  <ul> <li><strong>First-party cookies:<\/strong> Created and managed from our domain.<\/li> <li><strong>Third-party cookies:<\/strong> Created and managed by other websites, providing functions such as interactive maps, videos, social media buttons, or personalized ads. These cookies are under the control of the third party that provides them. <\/li> <\/ul> <h3>Which third-party functions and features do we use on our website?<\/h3>  Below is a summary table of the cookies used on our site:  <table> <thead> <tr> <th>Cookie<\/th> <th>Type<\/th> <th>Duration<\/th> <th>Description<\/th> <\/tr> <\/thead> <tbody> <tr> <td>__cf_bm<\/td> <td>Session<\/td> <td>1 hour<\/td> <td>Bot management support by Cloudflare.<\/td> <\/tr> <tr> <td>cookielawinfo-checkbox-analytics<\/td> <td>Persistent<\/td> <td>11 months<\/td> <td>Stores consent for analytical cookies.<\/td> <\/tr> <tr> <td>cookielawinfo-checkbox-functional<\/td> <td>Persistent<\/td> <td>11 months<\/td> <td>Stores consent for functional cookies.<\/td> <\/tr> <tr> <td>cookielawinfo-checkbox-necessary<\/td> <td>Persistent<\/td> <td>11 months<\/td> <td>Stores consent for necessary cookies.<\/td> <\/tr> <tr> <td>viewed_cookie_policy<\/td> <td>Persistent<\/td> <td>11 months<\/td> <td>Indicates whether the user consented to the use of cookies.<\/td> <\/tr> <\/tbody> <\/table> <h3>How long do cookies or similar technologies remain active?<\/h3>  Cookies can be:  <ul> <li><strong>Temporary session cookies:<\/strong> They are deleted when the browser is closed.<\/li> <li><strong>Persistent:<\/strong> They remain until they expire or are manually deleted.<\/li> <\/ul> <h3>How to prevent the use of cookies and how to delete them?<\/h3>  You can configure your preferences at any time through the cookie configuration system integrated into this website. In addition, most browsers allow you to disable cookies globally or for specific domains. Consult your browser&#8217;s help:    <ul> <li><a href=\"https:\/\/support.google.com\/chrome\/answer\/95647?hl=es\">Chrome<\/a><\/li> <li><a href=\"https:\/\/privacy.microsoft.com\/es-es\/windows-10-microsoft-edge-and-privacy\">Microsoft Edge<\/a><\/li> <li><a href=\"https:\/\/support.mozilla.org\/es\/kb\/habilitar-y-deshabilitar-cookies-sitios-web-rastrear-preferencias\">Firefox<\/a><\/li> <li><a href=\"https:\/\/support.apple.com\/kb\/PH17191?viewlocale=es_ES&amp;locale=es_ES\">Safari<\/a><\/li> <li><a href=\"http:\/\/www.opera.com\/es\/help\">Opera<\/a><\/li> <\/ul>  For more information, please consult our Privacy Policy.\t\t\t\t\t\t\t\t<\/div>\n\t\t\t\t<\/div>\n\t\t\t\t\t<\/div>\n\t\t\t\t<\/div>\n\t\t\t\t<\/div>\n\t\t","protected":false},"excerpt":{"rendered":"<p>COOKIE POLICY AND LOCAL STORAGE COOKIE POLICY AND LOCAL STORAGE This website uses cookies and similar technologies to provide the service, as well as to allow us to improve it by obtaining statistics on its use and other purposes. Browsing this website necessarily involves the use of cookies and similar technologies whenever necessary for its [&hellip;]<\/p>\n","protected":false},"author":3,"featured_media":0,"parent":0,"menu_order":0,"comment_status":"closed","ping_status":"closed","template":"","meta":{"_acf_changed":false,"inline_featured_image":false,"footnotes":""},"class_list":["post-2954","page","type-page","status-publish","hentry"],"acf":[],"yoast_head":"<!-- This site is optimized with the Yoast SEO plugin v27.2 - https:\/\/yoast.com\/product\/yoast-seo-wordpress\/ -->\n<title>\u25b7Cookie Policy - \u3010 Acad\u00e8mia Sarroca \u3011<\/title>\n<meta name=\"description\" content=\"COOKIE POLICY AND LOCAL STORAGE COOKIE POLICY AND LOCAL STORAGE This website uses cookies and similar technologies to provide the service, as well as to \u2713\" \/>\n<meta name=\"robots\" content=\"noindex, nofollow\" \/>\n<meta property=\"og:locale\" content=\"en_US\" \/>\n<meta property=\"og:type\" content=\"article\" \/>\n<meta property=\"og:title\" content=\"\u25b7Cookie Policy - \u3010 Acad\u00e8mia Sarroca \u3011\" \/>\n<meta property=\"og:description\" content=\"COOKIE POLICY AND LOCAL STORAGE COOKIE POLICY AND LOCAL STORAGE This website uses cookies and similar technologies to provide the service, as well as to \u2713\" \/>\n<meta property=\"og:url\" content=\"https:\/\/www.academiasarroca.com\/en\/cookie-policy\/\" \/>\n<meta property=\"og:site_name\" content=\"Acad\u00e8mia Sarroca\" \/>\n<meta property=\"article:modified_time\" content=\"2026-03-17T13:24:09+00:00\" \/>\n<meta name=\"twitter:card\" content=\"summary_large_image\" \/>\n<meta name=\"twitter:label1\" content=\"Est. reading time\" \/>\n\t<meta name=\"twitter:data1\" content=\"4 minutes\" \/>\n<script type=\"application\/ld+json\" class=\"yoast-schema-graph\">{\"@context\":\"https:\/\/schema.org\",\"@graph\":[{\"@type\":\"WebPage\",\"@id\":\"https:\/\/www.academiasarroca.com\/en\/cookie-policy\/\",\"url\":\"https:\/\/www.academiasarroca.com\/en\/cookie-policy\/\",\"name\":\"\u25b7Cookie Policy - \u3010 Acad\u00e8mia Sarroca \u3011\",\"isPartOf\":{\"@id\":\"https:\/\/www.academiasarroca.com\/#website\"},\"datePublished\":\"2021-10-18T05:29:35+00:00\",\"dateModified\":\"2026-03-17T13:24:09+00:00\",\"description\":\"COOKIE POLICY AND LOCAL STORAGE COOKIE POLICY AND LOCAL STORAGE This website uses cookies and similar technologies to provide the service, as well as to \u2713\",\"breadcrumb\":{\"@id\":\"https:\/\/www.academiasarroca.com\/en\/cookie-policy\/#breadcrumb\"},\"inLanguage\":\"en-US\",\"potentialAction\":[{\"@type\":\"ReadAction\",\"target\":[\"https:\/\/www.academiasarroca.com\/en\/cookie-policy\/\"]}]},{\"@type\":\"BreadcrumbList\",\"@id\":\"https:\/\/www.academiasarroca.com\/en\/cookie-policy\/#breadcrumb\",\"itemListElement\":[{\"@type\":\"ListItem\",\"position\":1,\"name\":\"Portada\",\"item\":\"https:\/\/www.academiasarroca.com\/en\/home\/\"},{\"@type\":\"ListItem\",\"position\":2,\"name\":\"Cookie Policy\"}]},{\"@type\":\"WebSite\",\"@id\":\"https:\/\/www.academiasarroca.com\/#website\",\"url\":\"https:\/\/www.academiasarroca.com\/\",\"name\":\"Acad\u00e8mia Sarroca\",\"description\":\"L&#039;Escola d&#039;Angl\u00e8s de M\u00f3ra d&#039;Ebre\",\"publisher\":{\"@id\":\"https:\/\/www.academiasarroca.com\/#organization\"},\"potentialAction\":[{\"@type\":\"SearchAction\",\"target\":{\"@type\":\"EntryPoint\",\"urlTemplate\":\"https:\/\/www.academiasarroca.com\/?s={search_term_string}\"},\"query-input\":{\"@type\":\"PropertyValueSpecification\",\"valueRequired\":true,\"valueName\":\"search_term_string\"}}],\"inLanguage\":\"en-US\"},{\"@type\":\"Organization\",\"@id\":\"https:\/\/www.academiasarroca.com\/#organization\",\"name\":\"Acad\u00e8mia Sarroca\",\"url\":\"https:\/\/www.academiasarroca.com\/\",\"logo\":{\"@type\":\"ImageObject\",\"inLanguage\":\"en-US\",\"@id\":\"https:\/\/www.academiasarroca.com\/#\/schema\/logo\/image\/\",\"url\":\"https:\/\/www.academiasarroca.com\/wp-content\/uploads\/2021\/10\/cropped-wwwarcelona-logo.png\",\"contentUrl\":\"https:\/\/www.academiasarroca.com\/wp-content\/uploads\/2021\/10\/cropped-wwwarcelona-logo.png\",\"width\":934,\"height\":266,\"caption\":\"Acad\u00e8mia Sarroca\"},\"image\":{\"@id\":\"https:\/\/www.academiasarroca.com\/#\/schema\/logo\/image\/\"}}]}<\/script>\n<!-- \/ Yoast SEO plugin. -->","yoast_head_json":{"title":"\u25b7Cookie Policy - \u3010 Acad\u00e8mia Sarroca \u3011","description":"COOKIE POLICY AND LOCAL STORAGE COOKIE POLICY AND LOCAL STORAGE This website uses cookies and similar technologies to provide the service, as well as to \u2713","robots":{"index":"noindex","follow":"nofollow"},"og_locale":"en_US","og_type":"article","og_title":"\u25b7Cookie Policy - \u3010 Acad\u00e8mia Sarroca \u3011","og_description":"COOKIE POLICY AND LOCAL STORAGE COOKIE POLICY AND LOCAL STORAGE This website uses cookies and similar technologies to provide the service, as well as to \u2713","og_url":"https:\/\/www.academiasarroca.com\/en\/cookie-policy\/","og_site_name":"Acad\u00e8mia Sarroca","article_modified_time":"2026-03-17T13:24:09+00:00","twitter_card":"summary_large_image","twitter_misc":{"Est. reading time":"4 minutes"},"schema":{"@context":"https:\/\/schema.org","@graph":[{"@type":"WebPage","@id":"https:\/\/www.academiasarroca.com\/en\/cookie-policy\/","url":"https:\/\/www.academiasarroca.com\/en\/cookie-policy\/","name":"\u25b7Cookie Policy - \u3010 Acad\u00e8mia Sarroca \u3011","isPartOf":{"@id":"https:\/\/www.academiasarroca.com\/#website"},"datePublished":"2021-10-18T05:29:35+00:00","dateModified":"2026-03-17T13:24:09+00:00","description":"COOKIE POLICY AND LOCAL STORAGE COOKIE POLICY AND LOCAL STORAGE This website uses cookies and similar technologies to provide the service, as well as to \u2713","breadcrumb":{"@id":"https:\/\/www.academiasarroca.com\/en\/cookie-policy\/#breadcrumb"},"inLanguage":"en-US","potentialAction":[{"@type":"ReadAction","target":["https:\/\/www.academiasarroca.com\/en\/cookie-policy\/"]}]},{"@type":"BreadcrumbList","@id":"https:\/\/www.academiasarroca.com\/en\/cookie-policy\/#breadcrumb","itemListElement":[{"@type":"ListItem","position":1,"name":"Portada","item":"https:\/\/www.academiasarroca.com\/en\/home\/"},{"@type":"ListItem","position":2,"name":"Cookie Policy"}]},{"@type":"WebSite","@id":"https:\/\/www.academiasarroca.com\/#website","url":"https:\/\/www.academiasarroca.com\/","name":"Acad\u00e8mia Sarroca","description":"L&#039;Escola d&#039;Angl\u00e8s de M\u00f3ra d&#039;Ebre","publisher":{"@id":"https:\/\/www.academiasarroca.com\/#organization"},"potentialAction":[{"@type":"SearchAction","target":{"@type":"EntryPoint","urlTemplate":"https:\/\/www.academiasarroca.com\/?s={search_term_string}"},"query-input":{"@type":"PropertyValueSpecification","valueRequired":true,"valueName":"search_term_string"}}],"inLanguage":"en-US"},{"@type":"Organization","@id":"https:\/\/www.academiasarroca.com\/#organization","name":"Acad\u00e8mia Sarroca","url":"https:\/\/www.academiasarroca.com\/","logo":{"@type":"ImageObject","inLanguage":"en-US","@id":"https:\/\/www.academiasarroca.com\/#\/schema\/logo\/image\/","url":"https:\/\/www.academiasarroca.com\/wp-content\/uploads\/2021\/10\/cropped-wwwarcelona-logo.png","contentUrl":"https:\/\/www.academiasarroca.com\/wp-content\/uploads\/2021\/10\/cropped-wwwarcelona-logo.png","width":934,"height":266,"caption":"Acad\u00e8mia Sarroca"},"image":{"@id":"https:\/\/www.academiasarroca.com\/#\/schema\/logo\/image\/"}}]}},"_links":{"self":[{"href":"https:\/\/www.academiasarroca.com\/en\/wp-json\/wp\/v2\/pages\/2954","targetHints":{"allow":["GET"]}}],"collection":[{"href":"https:\/\/www.academiasarroca.com\/en\/wp-json\/wp\/v2\/pages"}],"about":[{"href":"https:\/\/www.academiasarroca.com\/en\/wp-json\/wp\/v2\/types\/page"}],"author":[{"embeddable":true,"href":"https:\/\/www.academiasarroca.com\/en\/wp-json\/wp\/v2\/users\/3"}],"replies":[{"embeddable":true,"href":"https:\/\/www.academiasarroca.com\/en\/wp-json\/wp\/v2\/comments?post=2954"}],"version-history":[{"count":1,"href":"https:\/\/www.academiasarroca.com\/en\/wp-json\/wp\/v2\/pages\/2954\/revisions"}],"predecessor-version":[{"id":2955,"href":"https:\/\/www.academiasarroca.com\/en\/wp-json\/wp\/v2\/pages\/2954\/revisions\/2955"}],"wp:attachment":[{"href":"https:\/\/www.academiasarroca.com\/en\/wp-json\/wp\/v2\/media?parent=2954"}],"curies":[{"name":"wp","href":"https:\/\/api.w.org\/{rel}","templated":true}]}}