{"id":3031,"date":"2021-10-14T15:46:36","date_gmt":"2021-10-14T13:46:36","guid":{"rendered":"https:\/\/www.academiasarroca.com\/privacy-policy\/"},"modified":"2026-03-17T14:26:09","modified_gmt":"2026-03-17T13:26:09","slug":"privacy-policy","status":"publish","type":"page","link":"https:\/\/www.academiasarroca.com\/en\/privacy-policy\/","title":{"rendered":"Privacy Policy"},"content":{"rendered":"\t\t<div data-elementor-type=\"wp-page\" data-elementor-id=\"3031\" class=\"elementor elementor-3031 elementor-38\" data-elementor-post-type=\"page\">\n\t\t\t\t<div class=\"elementor-element elementor-element-f7951c3 e-flex e-con-boxed e-con e-parent\" data-id=\"f7951c3\" data-element_type=\"container\" data-e-type=\"container\">\n\t\t\t\t\t<div class=\"e-con-inner\">\n\t\t\t\t<div class=\"elementor-element elementor-element-84bfe24 elementor-widget elementor-widget-heading\" data-id=\"84bfe24\" data-element_type=\"widget\" data-e-type=\"widget\" data-widget_type=\"heading.default\">\n\t\t\t\t<div class=\"elementor-widget-container\">\n\t\t\t\t\t<h1 class=\"elementor-heading-title elementor-size-default\">PRIVACY POLICY<\/h1>\t\t\t\t<\/div>\n\t\t\t\t<\/div>\n\t\t\t\t<div class=\"elementor-element elementor-element-38da3dd elementor-widget elementor-widget-text-editor\" data-id=\"38da3dd\" data-element_type=\"widget\" data-e-type=\"widget\" data-widget_type=\"text-editor.default\">\n\t\t\t\t<div class=\"elementor-widget-container\">\n\t\t\t\t\t\t\t\t\t<strong>PRIVACY POLICY<\/strong>\n\nIf you are here, it is because you want to know more about your obligations and rights as a user of this website  <strong><\/strong>  and that is perfectly fine. Our duty is to inform you, and yours is to be duly informed. \n\nIn this Privacy Policy, we will inform you with full transparency about the purpose of this website and everything that affects the data you provide us, as well as your corresponding obligations and rights.\n\nTo begin, you should know that this website complies with current data protection regulations, which affects the personal data you provide us with your express consent and the cookies we use for this website to function correctly and carry out its activity.\n\nSpecifically, this website complies with the following regulations:\n<ul>\n \t<li><strong>The GDPR<\/strong> (Regulation (EU) 2016\/679 of the European Parliament and of the Council of 27 April 2016 on the protection of natural persons), which unifies the regulation of personal data processing in the different EU countries.<\/li>\n \t<li><strong>The LOPDGDD<\/strong> (Organic Law 3\/2018, of December 5, on Personal Data Protection and guarantee of digital rights), which adapts Spanish regulations to the GDPR and regulates digital rights.<\/li>\n \t<li><strong>The LSSI<\/strong> (Law 34\/2002, of July 11, on Information Society Services and Electronic Commerce), which regulates economic transactions through electronic means, as is the case with this blog.<\/li>\n<\/ul>\n<strong>IDENTIFICATION DATA<\/strong>\n\nThe controller and owner of this website is  <strong><\/strong>:\n<ul>\n \t<li><strong>Name:<\/strong> <\/li>\n \t<li><strong>Tax ID (NIF):<\/strong> <\/li>\n \t<li><strong>Registered Office:<\/strong> <\/li>\n \t<li><strong>Website activity:<\/strong> Distribution of content related to <strong><\/strong>, display of advertising, and recommendation of affiliate products.<\/li>\n \t<li><strong>Email:<\/strong><\/li>\n<\/ul>\nThe data you provide us with your consent, and in accordance with the use established in our Privacy Policy, will be incorporated into an automated file duly registered with the Spanish Data Protection Agency. This means that your data is secure, in accordance with the law. \n\nThe personal data you provide us, always with your express consent, will be stored and processed for the purposes foreseen and described below in this Privacy Policy, until you ask us to delete them.\n\nWe inform you that this Privacy Policy may be modified at any time to adapt it to new legislative developments or changes in our activities. The current version will always be the one published on this website, and any relevant modification will be notified to you before its application. \n\n<strong>TERMS OF USE<\/strong>\n\nFor your peace of mind, you should know that we will always request your express consent to collect your data for the corresponding purpose specified in each case. This implies that, should you grant such consent, you have read and accepted this Privacy Policy. \n\nBy accessing and using this website, you assume your status as a user with your corresponding rights and obligations.\n<ul>\n \t<li>If you are over 14 years old, you may register as a user on this website without the prior consent of your parents or guardians.<\/li>\n \t<li>If you are under 14 years old, you will need the consent of your parents or guardians for the processing of your personal data.<\/li>\n<\/ul>\n<strong>REGISTRATION AND PURPOSE OF YOUR DATA<\/strong>\n\nDepending on the form or section you access, we will exclusively request the necessary data for the purposes described below. At all times, you must give your express consent when we request personal information for: \n<ul>\n \t<li>The specific purposes particularly indicated on each of the pages or sections where the registration or electronic contact form appears.<\/li>\n \t<li>Attending to your requests, comments, queries, or any type of request you make as a user through any of the available contact forms.<\/li>\n \t<li>Informing you about inquiries, activities, products, news, and\/or services through various electronic or physical means.<\/li>\n \t<li>Sending you commercial communications related to our products, services, or promotions, as well as those products or services that we may consider of interest to you offered by collaborators or &#8220;partners&#8221; with whom we maintain promotional agreements.<\/li>\n<\/ul>\nThese communications will always be made by Company Name, without third parties having access to your personal data.\n\n<strong>ACCURACY AND VERACITY OF DATA<\/strong>\n\nAs a user, you are responsible for the veracity and updating of the data you provide. You agree to provide complete and correct information in the contact or subscription forms. \n\n<strong>UNSUBSCRIBING AND RIGHT OF REVOCATION<\/strong>\n\nAs the data subject, you may exercise your rights of access, rectification, cancellation, and opposition at any time by sending an email to  <strong><\/strong>  attaching a copy of your identification document as valid proof.\n\n<strong>THIRD-PARTY DATA ACCESS<\/strong>\n\nTo provide necessary services, we share data with:\n<ul>\n \t<li><strong>Dinahosting SL<\/strong>, hosting provider. More information at <a href=\"https:\/\/dinahosting.com\/legal\/proteccion-datos\">https:\/\/dinahosting.com\/legal\/proteccion-datos<\/a>. <\/li>\n \t<li><strong>Google Analytics<\/strong>: Analyzes website usage. Consult its privacy policy at <a href=\"https:\/\/www.google.com\/intl\/es\/policies\/privacy\/\">https:\/\/www.google.com\/intl\/es\/policies\/privacy\/<\/a>. <\/li>\n \t<li><strong>Google Adsense<\/strong>: Publishes personalized ads. Consult its policy at <a href=\"https:\/\/www.google.com\/intl\/es\/policies\/privacy\/\">https:\/\/www.google.com\/intl\/es\/policies\/privacy\/<\/a>. <\/li>\n<\/ul>\n<strong>SECURITY MEASURES<\/strong>\n\nCompany Name has adopted all necessary measures to guarantee the security and integrity of your personal data and prevent its loss, alteration, or unauthorized access by third parties.\n\nFor more information, you can consult our Legal Notice and Cookie Policy pages.\t\t\t\t\t\t\t\t<\/div>\n\t\t\t\t<\/div>\n\t\t\t\t\t<\/div>\n\t\t\t\t<\/div>\n\t\t\t\t<\/div>\n\t\t","protected":false},"excerpt":{"rendered":"<p>PRIVACY POLICY PRIVACY POLICY If you are here, it is because you want to know more about your obligations and rights as a user of this website and that is perfectly fine. Our duty is to inform you, and yours is to be duly informed. In this Privacy Policy, we will inform you with full [&hellip;]<\/p>\n","protected":false},"author":3,"featured_media":0,"parent":0,"menu_order":0,"comment_status":"closed","ping_status":"closed","template":"elementor_header_footer","meta":{"_acf_changed":false,"inline_featured_image":false,"footnotes":""},"class_list":["post-3031","page","type-page","status-publish","hentry"],"acf":[],"yoast_head":"<!-- This site is optimized with the Yoast SEO plugin v27.2 - https:\/\/yoast.com\/product\/yoast-seo-wordpress\/ -->\n<title>\u25b7Privacy Policy - \u3010 Acad\u00e8mia Sarroca \u3011<\/title>\n<meta name=\"description\" content=\"PRIVACY POLICY PRIVACY POLICY If you are here, it is because you want to know more about your obligations and rights as a user of this website and that is \u2713\" \/>\n<meta name=\"robots\" content=\"noindex, nofollow\" \/>\n<meta property=\"og:locale\" content=\"en_US\" \/>\n<meta property=\"og:type\" content=\"article\" \/>\n<meta property=\"og:title\" content=\"\u25b7Privacy Policy - \u3010 Acad\u00e8mia Sarroca \u3011\" \/>\n<meta property=\"og:description\" content=\"PRIVACY POLICY PRIVACY POLICY If you are here, it is because you want to know more about your obligations and rights as a user of this website and that is \u2713\" \/>\n<meta property=\"og:url\" content=\"https:\/\/www.academiasarroca.com\/en\/privacy-policy\/\" \/>\n<meta property=\"og:site_name\" content=\"Acad\u00e8mia Sarroca\" \/>\n<meta property=\"article:modified_time\" content=\"2026-03-17T13:26:09+00:00\" \/>\n<meta name=\"twitter:card\" content=\"summary_large_image\" \/>\n<meta name=\"twitter:label1\" content=\"Est. reading time\" \/>\n\t<meta name=\"twitter:data1\" content=\"4 minutes\" \/>\n<script type=\"application\/ld+json\" class=\"yoast-schema-graph\">{\"@context\":\"https:\/\/schema.org\",\"@graph\":[{\"@type\":\"WebPage\",\"@id\":\"https:\/\/www.academiasarroca.com\/en\/privacy-policy\/\",\"url\":\"https:\/\/www.academiasarroca.com\/en\/privacy-policy\/\",\"name\":\"\u25b7Privacy Policy - \u3010 Acad\u00e8mia Sarroca \u3011\",\"isPartOf\":{\"@id\":\"https:\/\/www.academiasarroca.com\/#website\"},\"datePublished\":\"2021-10-14T13:46:36+00:00\",\"dateModified\":\"2026-03-17T13:26:09+00:00\",\"description\":\"PRIVACY POLICY PRIVACY POLICY If you are here, it is because you want to know more about your obligations and rights as a user of this website and that is \u2713\",\"breadcrumb\":{\"@id\":\"https:\/\/www.academiasarroca.com\/en\/privacy-policy\/#breadcrumb\"},\"inLanguage\":\"en-US\",\"potentialAction\":[{\"@type\":\"ReadAction\",\"target\":[\"https:\/\/www.academiasarroca.com\/en\/privacy-policy\/\"]}]},{\"@type\":\"BreadcrumbList\",\"@id\":\"https:\/\/www.academiasarroca.com\/en\/privacy-policy\/#breadcrumb\",\"itemListElement\":[{\"@type\":\"ListItem\",\"position\":1,\"name\":\"Portada\",\"item\":\"https:\/\/www.academiasarroca.com\/en\/home\/\"},{\"@type\":\"ListItem\",\"position\":2,\"name\":\"Privacy Policy\"}]},{\"@type\":\"WebSite\",\"@id\":\"https:\/\/www.academiasarroca.com\/#website\",\"url\":\"https:\/\/www.academiasarroca.com\/\",\"name\":\"Acad\u00e8mia Sarroca\",\"description\":\"L&#039;Escola d&#039;Angl\u00e8s de M\u00f3ra d&#039;Ebre\",\"publisher\":{\"@id\":\"https:\/\/www.academiasarroca.com\/#organization\"},\"potentialAction\":[{\"@type\":\"SearchAction\",\"target\":{\"@type\":\"EntryPoint\",\"urlTemplate\":\"https:\/\/www.academiasarroca.com\/?s={search_term_string}\"},\"query-input\":{\"@type\":\"PropertyValueSpecification\",\"valueRequired\":true,\"valueName\":\"search_term_string\"}}],\"inLanguage\":\"en-US\"},{\"@type\":\"Organization\",\"@id\":\"https:\/\/www.academiasarroca.com\/#organization\",\"name\":\"Acad\u00e8mia Sarroca\",\"url\":\"https:\/\/www.academiasarroca.com\/\",\"logo\":{\"@type\":\"ImageObject\",\"inLanguage\":\"en-US\",\"@id\":\"https:\/\/www.academiasarroca.com\/#\/schema\/logo\/image\/\",\"url\":\"https:\/\/www.academiasarroca.com\/wp-content\/uploads\/2021\/10\/cropped-wwwarcelona-logo.png\",\"contentUrl\":\"https:\/\/www.academiasarroca.com\/wp-content\/uploads\/2021\/10\/cropped-wwwarcelona-logo.png\",\"width\":934,\"height\":266,\"caption\":\"Acad\u00e8mia Sarroca\"},\"image\":{\"@id\":\"https:\/\/www.academiasarroca.com\/#\/schema\/logo\/image\/\"}}]}<\/script>\n<!-- \/ Yoast SEO plugin. -->","yoast_head_json":{"title":"\u25b7Privacy Policy - \u3010 Acad\u00e8mia Sarroca \u3011","description":"PRIVACY POLICY PRIVACY POLICY If you are here, it is because you want to know more about your obligations and rights as a user of this website and that is \u2713","robots":{"index":"noindex","follow":"nofollow"},"og_locale":"en_US","og_type":"article","og_title":"\u25b7Privacy Policy - \u3010 Acad\u00e8mia Sarroca \u3011","og_description":"PRIVACY POLICY PRIVACY POLICY If you are here, it is because you want to know more about your obligations and rights as a user of this website and that is \u2713","og_url":"https:\/\/www.academiasarroca.com\/en\/privacy-policy\/","og_site_name":"Acad\u00e8mia Sarroca","article_modified_time":"2026-03-17T13:26:09+00:00","twitter_card":"summary_large_image","twitter_misc":{"Est. reading time":"4 minutes"},"schema":{"@context":"https:\/\/schema.org","@graph":[{"@type":"WebPage","@id":"https:\/\/www.academiasarroca.com\/en\/privacy-policy\/","url":"https:\/\/www.academiasarroca.com\/en\/privacy-policy\/","name":"\u25b7Privacy Policy - \u3010 Acad\u00e8mia Sarroca \u3011","isPartOf":{"@id":"https:\/\/www.academiasarroca.com\/#website"},"datePublished":"2021-10-14T13:46:36+00:00","dateModified":"2026-03-17T13:26:09+00:00","description":"PRIVACY POLICY PRIVACY POLICY If you are here, it is because you want to know more about your obligations and rights as a user of this website and that is \u2713","breadcrumb":{"@id":"https:\/\/www.academiasarroca.com\/en\/privacy-policy\/#breadcrumb"},"inLanguage":"en-US","potentialAction":[{"@type":"ReadAction","target":["https:\/\/www.academiasarroca.com\/en\/privacy-policy\/"]}]},{"@type":"BreadcrumbList","@id":"https:\/\/www.academiasarroca.com\/en\/privacy-policy\/#breadcrumb","itemListElement":[{"@type":"ListItem","position":1,"name":"Portada","item":"https:\/\/www.academiasarroca.com\/en\/home\/"},{"@type":"ListItem","position":2,"name":"Privacy Policy"}]},{"@type":"WebSite","@id":"https:\/\/www.academiasarroca.com\/#website","url":"https:\/\/www.academiasarroca.com\/","name":"Acad\u00e8mia Sarroca","description":"L&#039;Escola d&#039;Angl\u00e8s de M\u00f3ra d&#039;Ebre","publisher":{"@id":"https:\/\/www.academiasarroca.com\/#organization"},"potentialAction":[{"@type":"SearchAction","target":{"@type":"EntryPoint","urlTemplate":"https:\/\/www.academiasarroca.com\/?s={search_term_string}"},"query-input":{"@type":"PropertyValueSpecification","valueRequired":true,"valueName":"search_term_string"}}],"inLanguage":"en-US"},{"@type":"Organization","@id":"https:\/\/www.academiasarroca.com\/#organization","name":"Acad\u00e8mia Sarroca","url":"https:\/\/www.academiasarroca.com\/","logo":{"@type":"ImageObject","inLanguage":"en-US","@id":"https:\/\/www.academiasarroca.com\/#\/schema\/logo\/image\/","url":"https:\/\/www.academiasarroca.com\/wp-content\/uploads\/2021\/10\/cropped-wwwarcelona-logo.png","contentUrl":"https:\/\/www.academiasarroca.com\/wp-content\/uploads\/2021\/10\/cropped-wwwarcelona-logo.png","width":934,"height":266,"caption":"Acad\u00e8mia Sarroca"},"image":{"@id":"https:\/\/www.academiasarroca.com\/#\/schema\/logo\/image\/"}}]}},"_links":{"self":[{"href":"https:\/\/www.academiasarroca.com\/en\/wp-json\/wp\/v2\/pages\/3031","targetHints":{"allow":["GET"]}}],"collection":[{"href":"https:\/\/www.academiasarroca.com\/en\/wp-json\/wp\/v2\/pages"}],"about":[{"href":"https:\/\/www.academiasarroca.com\/en\/wp-json\/wp\/v2\/types\/page"}],"author":[{"embeddable":true,"href":"https:\/\/www.academiasarroca.com\/en\/wp-json\/wp\/v2\/users\/3"}],"replies":[{"embeddable":true,"href":"https:\/\/www.academiasarroca.com\/en\/wp-json\/wp\/v2\/comments?post=3031"}],"version-history":[{"count":1,"href":"https:\/\/www.academiasarroca.com\/en\/wp-json\/wp\/v2\/pages\/3031\/revisions"}],"predecessor-version":[{"id":3032,"href":"https:\/\/www.academiasarroca.com\/en\/wp-json\/wp\/v2\/pages\/3031\/revisions\/3032"}],"wp:attachment":[{"href":"https:\/\/www.academiasarroca.com\/en\/wp-json\/wp\/v2\/media?parent=3031"}],"curies":[{"name":"wp","href":"https:\/\/api.w.org\/{rel}","templated":true}]}}