{"id":2936,"date":"2023-06-16T15:36:36","date_gmt":"2023-06-16T13:36:36","guid":{"rendered":"https:\/\/www.academiasarroca.com\/mapa-web\/"},"modified":"2026-03-17T14:23:30","modified_gmt":"2026-03-17T13:23:30","slug":"mapa-web","status":"publish","type":"page","link":"https:\/\/www.academiasarroca.com\/es\/mapa-web\/","title":{"rendered":"Mapa web"},"content":{"rendered":"\t\t<div data-elementor-type=\"wp-page\" data-elementor-id=\"2936\" class=\"elementor elementor-2936 elementor-323\" data-elementor-post-type=\"page\">\n\t\t\t\t<div class=\"elementor-element elementor-element-3dbd57a e-flex e-con-boxed e-con e-parent\" data-id=\"3dbd57a\" data-element_type=\"container\" data-e-type=\"container\">\n\t\t\t\t\t<div class=\"e-con-inner\">\n\t\t\t\t<div class=\"elementor-element elementor-element-b7688de elementor-widget elementor-widget-heading\" data-id=\"b7688de\" data-element_type=\"widget\" data-e-type=\"widget\" data-widget_type=\"heading.default\">\n\t\t\t\t<div class=\"elementor-widget-container\">\n\t\t\t\t\t<h1 class=\"elementor-heading-title elementor-size-default\">MAPA WEB<\/h1>\t\t\t\t<\/div>\n\t\t\t\t<\/div>\n\t\t\t\t<div class=\"elementor-element elementor-element-62a6d6d elementor-widget elementor-widget-sitemap\" data-id=\"62a6d6d\" data-element_type=\"widget\" data-e-type=\"widget\" data-widget_type=\"sitemap.default\">\n\t\t\t\t<div class=\"elementor-widget-container\">\n\t\t\t\t\t<div class=\"elementor-sitemap-wrap\"><div class=\"elementor-sitemap-section\"><h2 class=\"elementor-sitemap-title elementor-sitemap-page-title\">P\u00e1ginas<\/h2><ul class=\"elementor-sitemap-list elementor-sitemap-page-list\"><li class=\"elementor-sitemap-item elementor-sitemap-item-page page_item page-item-2824\"><a href=\"https:\/\/www.academiasarroca.com\/es\/blog\/\">Blog<\/a><\/li><li class=\"elementor-sitemap-item elementor-sitemap-item-page page_item page-item-2929\"><a href=\"https:\/\/www.academiasarroca.com\/es\/nosotros\/\">Nosotros<\/a><\/li><li class=\"elementor-sitemap-item elementor-sitemap-item-page page_item page-item-3058\"><a href=\"https:\/\/www.academiasarroca.com\/es\/informacion-academica\/\">Informaci\u00f3n acad\u00e9mica<\/a><\/li><li class=\"elementor-sitemap-item elementor-sitemap-item-page page_item page-item-2846\"><a href=\"https:\/\/www.academiasarroca.com\/es\/secundaria\/\">Secundaria<\/a><\/li><li class=\"elementor-sitemap-item elementor-sitemap-item-page page_item page-item-2963\"><a href=\"https:\/\/www.academiasarroca.com\/es\/adultos\/\">Adultos<\/a><\/li><li class=\"elementor-sitemap-item elementor-sitemap-item-page page_item page-item-3051\"><a href=\"https:\/\/www.academiasarroca.com\/es\/contacte\/\">Contacte<\/a><\/li><li class=\"elementor-sitemap-item elementor-sitemap-item-page page_item page-item-2938\"><a href=\"https:\/\/www.academiasarroca.com\/es\/servicios\/\">Servicios<\/a><\/li><li class=\"elementor-sitemap-item elementor-sitemap-item-page page_item page-item-2798\"><a href=\"https:\/\/www.academiasarroca.com\/es\/primaria\/\">Primaria<\/a><\/li><li class=\"elementor-sitemap-item elementor-sitemap-item-page page_item page-item-2986\"><a href=\"https:\/\/www.academiasarroca.com\/es\/great-little-people\/\">Great Little People<\/a><\/li><li class=\"elementor-sitemap-item elementor-sitemap-item-page page_item page-item-2949\"><a href=\"https:\/\/www.academiasarroca.com\/es\/politica-de-accesibilidad\/\">Pol\u00edtica de accesibilidad<\/a><\/li><li class=\"elementor-sitemap-item elementor-sitemap-item-page page_item page-item-2936\"><a href=\"https:\/\/www.academiasarroca.com\/es\/mapa-web\/\">Mapa web<\/a><\/li><li class=\"elementor-sitemap-item elementor-sitemap-item-page page_item page-item-2968\"><a href=\"https:\/\/www.academiasarroca.com\/es\/\">Inicio<\/a><\/li><li class=\"elementor-sitemap-item elementor-sitemap-item-page page_item page-item-3023\"><a href=\"https:\/\/www.academiasarroca.com\/es\/politica-de-cookies\/\">Pol\u00edtica de cookies<\/a><\/li><li class=\"elementor-sitemap-item elementor-sitemap-item-page page_item page-item-3027\"><a href=\"https:\/\/www.academiasarroca.com\/es\/aviso-legal\/\">Aviso legal<\/a><\/li><li class=\"elementor-sitemap-item elementor-sitemap-item-page page_item page-item-3029\"><a href=\"https:\/\/www.academiasarroca.com\/es\/politica-de-privacidad\/\">Pol\u00edtica de privacidad<\/a><\/li><\/ul><\/div><div class=\"elementor-sitemap-section\"><h2 class=\"elementor-sitemap-title elementor-sitemap-category-title\">Categor\u00edas<\/h2><ul class=\"elementor-sitemap-list elementor-sitemap-category-list\">\t<li class=\"elementor-sitemap-item elementor-sitemap-item-category cat-item cat-item-41\"><a href=\"https:\/\/www.academiasarroca.com\/es\/category\/sin-categorizar\/\">Sin categorizar<\/a>\n<\/li>\n<\/ul><\/div><\/div>\t\t\t\t<\/div>\n\t\t\t\t<\/div>\n\t\t\t\t\t<\/div>\n\t\t\t\t<\/div>\n\t\t\t\t<\/div>\n\t\t","protected":false},"excerpt":{"rendered":"<p>MAPA WEB<\/p>\n","protected":false},"author":3,"featured_media":0,"parent":0,"menu_order":0,"comment_status":"closed","ping_status":"closed","template":"","meta":{"_acf_changed":false,"inline_featured_image":false,"footnotes":""},"class_list":["post-2936","page","type-page","status-publish","hentry"],"acf":[],"yoast_head":"<!-- This site is optimized with the Yoast SEO plugin v27.2 - https:\/\/yoast.com\/product\/yoast-seo-wordpress\/ -->\n<title>\u25b7Mapa web - \u3010 Acad\u00e8mia Sarroca \u3011<\/title>\n<meta name=\"description\" content=\"MAPA WEB \u2713\" \/>\n<meta name=\"robots\" content=\"noindex, nofollow\" \/>\n<meta property=\"og:locale\" content=\"es_ES\" \/>\n<meta property=\"og:type\" content=\"article\" \/>\n<meta property=\"og:title\" content=\"\u25b7Mapa web - \u3010 Acad\u00e8mia Sarroca \u3011\" \/>\n<meta property=\"og:description\" content=\"MAPA WEB \u2713\" \/>\n<meta property=\"og:url\" content=\"https:\/\/www.academiasarroca.com\/es\/mapa-web\/\" \/>\n<meta property=\"og:site_name\" content=\"Acad\u00e8mia Sarroca\" \/>\n<meta property=\"article:modified_time\" content=\"2026-03-17T13:23:30+00:00\" \/>\n<meta name=\"twitter:card\" content=\"summary_large_image\" \/>\n<script type=\"application\/ld+json\" class=\"yoast-schema-graph\">{\"@context\":\"https:\/\/schema.org\",\"@graph\":[{\"@type\":\"WebPage\",\"@id\":\"https:\/\/www.academiasarroca.com\/es\/mapa-web\/\",\"url\":\"https:\/\/www.academiasarroca.com\/es\/mapa-web\/\",\"name\":\"\u25b7Mapa web - \u3010 Acad\u00e8mia Sarroca \u3011\",\"isPartOf\":{\"@id\":\"https:\/\/www.academiasarroca.com\/#website\"},\"datePublished\":\"2023-06-16T13:36:36+00:00\",\"dateModified\":\"2026-03-17T13:23:30+00:00\",\"description\":\"MAPA WEB \u2713\",\"breadcrumb\":{\"@id\":\"https:\/\/www.academiasarroca.com\/es\/mapa-web\/#breadcrumb\"},\"inLanguage\":\"es\",\"potentialAction\":[{\"@type\":\"ReadAction\",\"target\":[\"https:\/\/www.academiasarroca.com\/es\/mapa-web\/\"]}]},{\"@type\":\"BreadcrumbList\",\"@id\":\"https:\/\/www.academiasarroca.com\/es\/mapa-web\/#breadcrumb\",\"itemListElement\":[{\"@type\":\"ListItem\",\"position\":1,\"name\":\"Portada\",\"item\":\"https:\/\/www.academiasarroca.com\/es\/inicio\/\"},{\"@type\":\"ListItem\",\"position\":2,\"name\":\"Mapa web\"}]},{\"@type\":\"WebSite\",\"@id\":\"https:\/\/www.academiasarroca.com\/#website\",\"url\":\"https:\/\/www.academiasarroca.com\/\",\"name\":\"Acad\u00e8mia Sarroca\",\"description\":\"L&#039;Escola d&#039;Angl\u00e8s de M\u00f3ra d&#039;Ebre\",\"publisher\":{\"@id\":\"https:\/\/www.academiasarroca.com\/#organization\"},\"potentialAction\":[{\"@type\":\"SearchAction\",\"target\":{\"@type\":\"EntryPoint\",\"urlTemplate\":\"https:\/\/www.academiasarroca.com\/?s={search_term_string}\"},\"query-input\":{\"@type\":\"PropertyValueSpecification\",\"valueRequired\":true,\"valueName\":\"search_term_string\"}}],\"inLanguage\":\"es\"},{\"@type\":\"Organization\",\"@id\":\"https:\/\/www.academiasarroca.com\/#organization\",\"name\":\"Acad\u00e8mia Sarroca\",\"url\":\"https:\/\/www.academiasarroca.com\/\",\"logo\":{\"@type\":\"ImageObject\",\"inLanguage\":\"es\",\"@id\":\"https:\/\/www.academiasarroca.com\/#\/schema\/logo\/image\/\",\"url\":\"https:\/\/www.academiasarroca.com\/wp-content\/uploads\/2021\/10\/cropped-wwwarcelona-logo.png\",\"contentUrl\":\"https:\/\/www.academiasarroca.com\/wp-content\/uploads\/2021\/10\/cropped-wwwarcelona-logo.png\",\"width\":934,\"height\":266,\"caption\":\"Acad\u00e8mia Sarroca\"},\"image\":{\"@id\":\"https:\/\/www.academiasarroca.com\/#\/schema\/logo\/image\/\"}}]}<\/script>\n<!-- \/ Yoast SEO plugin. -->","yoast_head_json":{"title":"\u25b7Mapa web - \u3010 Acad\u00e8mia Sarroca \u3011","description":"MAPA WEB \u2713","robots":{"index":"noindex","follow":"nofollow"},"og_locale":"es_ES","og_type":"article","og_title":"\u25b7Mapa web - \u3010 Acad\u00e8mia Sarroca \u3011","og_description":"MAPA WEB \u2713","og_url":"https:\/\/www.academiasarroca.com\/es\/mapa-web\/","og_site_name":"Acad\u00e8mia Sarroca","article_modified_time":"2026-03-17T13:23:30+00:00","twitter_card":"summary_large_image","schema":{"@context":"https:\/\/schema.org","@graph":[{"@type":"WebPage","@id":"https:\/\/www.academiasarroca.com\/es\/mapa-web\/","url":"https:\/\/www.academiasarroca.com\/es\/mapa-web\/","name":"\u25b7Mapa web - \u3010 Acad\u00e8mia Sarroca \u3011","isPartOf":{"@id":"https:\/\/www.academiasarroca.com\/#website"},"datePublished":"2023-06-16T13:36:36+00:00","dateModified":"2026-03-17T13:23:30+00:00","description":"MAPA WEB \u2713","breadcrumb":{"@id":"https:\/\/www.academiasarroca.com\/es\/mapa-web\/#breadcrumb"},"inLanguage":"es","potentialAction":[{"@type":"ReadAction","target":["https:\/\/www.academiasarroca.com\/es\/mapa-web\/"]}]},{"@type":"BreadcrumbList","@id":"https:\/\/www.academiasarroca.com\/es\/mapa-web\/#breadcrumb","itemListElement":[{"@type":"ListItem","position":1,"name":"Portada","item":"https:\/\/www.academiasarroca.com\/es\/inicio\/"},{"@type":"ListItem","position":2,"name":"Mapa web"}]},{"@type":"WebSite","@id":"https:\/\/www.academiasarroca.com\/#website","url":"https:\/\/www.academiasarroca.com\/","name":"Acad\u00e8mia Sarroca","description":"L&#039;Escola d&#039;Angl\u00e8s de M\u00f3ra d&#039;Ebre","publisher":{"@id":"https:\/\/www.academiasarroca.com\/#organization"},"potentialAction":[{"@type":"SearchAction","target":{"@type":"EntryPoint","urlTemplate":"https:\/\/www.academiasarroca.com\/?s={search_term_string}"},"query-input":{"@type":"PropertyValueSpecification","valueRequired":true,"valueName":"search_term_string"}}],"inLanguage":"es"},{"@type":"Organization","@id":"https:\/\/www.academiasarroca.com\/#organization","name":"Acad\u00e8mia Sarroca","url":"https:\/\/www.academiasarroca.com\/","logo":{"@type":"ImageObject","inLanguage":"es","@id":"https:\/\/www.academiasarroca.com\/#\/schema\/logo\/image\/","url":"https:\/\/www.academiasarroca.com\/wp-content\/uploads\/2021\/10\/cropped-wwwarcelona-logo.png","contentUrl":"https:\/\/www.academiasarroca.com\/wp-content\/uploads\/2021\/10\/cropped-wwwarcelona-logo.png","width":934,"height":266,"caption":"Acad\u00e8mia Sarroca"},"image":{"@id":"https:\/\/www.academiasarroca.com\/#\/schema\/logo\/image\/"}}]}},"_links":{"self":[{"href":"https:\/\/www.academiasarroca.com\/es\/wp-json\/wp\/v2\/pages\/2936","targetHints":{"allow":["GET"]}}],"collection":[{"href":"https:\/\/www.academiasarroca.com\/es\/wp-json\/wp\/v2\/pages"}],"about":[{"href":"https:\/\/www.academiasarroca.com\/es\/wp-json\/wp\/v2\/types\/page"}],"author":[{"embeddable":true,"href":"https:\/\/www.academiasarroca.com\/es\/wp-json\/wp\/v2\/users\/3"}],"replies":[{"embeddable":true,"href":"https:\/\/www.academiasarroca.com\/es\/wp-json\/wp\/v2\/comments?post=2936"}],"version-history":[{"count":1,"href":"https:\/\/www.academiasarroca.com\/es\/wp-json\/wp\/v2\/pages\/2936\/revisions"}],"predecessor-version":[{"id":2937,"href":"https:\/\/www.academiasarroca.com\/es\/wp-json\/wp\/v2\/pages\/2936\/revisions\/2937"}],"wp:attachment":[{"href":"https:\/\/www.academiasarroca.com\/es\/wp-json\/wp\/v2\/media?parent=2936"}],"curies":[{"name":"wp","href":"https:\/\/api.w.org\/{rel}","templated":true}]}}