{"id":3029,"date":"2021-10-14T15:46:36","date_gmt":"2021-10-14T13:46:36","guid":{"rendered":"https:\/\/www.academiasarroca.com\/politica-de-privacidad\/"},"modified":"2026-03-17T14:26:09","modified_gmt":"2026-03-17T13:26:09","slug":"politica-de-privacidad","status":"publish","type":"page","link":"https:\/\/www.academiasarroca.com\/es\/politica-de-privacidad\/","title":{"rendered":"Pol\u00edtica de privacidad"},"content":{"rendered":"\t\t<div data-elementor-type=\"wp-page\" data-elementor-id=\"3029\" class=\"elementor elementor-3029 elementor-38\" data-elementor-post-type=\"page\">\n\t\t\t\t<div class=\"elementor-element elementor-element-f7951c3 e-flex e-con-boxed e-con e-parent\" data-id=\"f7951c3\" data-element_type=\"container\" data-e-type=\"container\">\n\t\t\t\t\t<div class=\"e-con-inner\">\n\t\t\t\t<div class=\"elementor-element elementor-element-84bfe24 elementor-widget elementor-widget-heading\" data-id=\"84bfe24\" data-element_type=\"widget\" data-e-type=\"widget\" data-widget_type=\"heading.default\">\n\t\t\t\t<div class=\"elementor-widget-container\">\n\t\t\t\t\t<h1 class=\"elementor-heading-title elementor-size-default\">POL\u00cdTICA DE PRIVACIDAD<\/h1>\t\t\t\t<\/div>\n\t\t\t\t<\/div>\n\t\t\t\t<div class=\"elementor-element elementor-element-38da3dd elementor-widget elementor-widget-text-editor\" data-id=\"38da3dd\" data-element_type=\"widget\" data-e-type=\"widget\" data-widget_type=\"text-editor.default\">\n\t\t\t\t<div class=\"elementor-widget-container\">\n\t\t\t\t\t\t\t\t\t<strong>POL\u00cdTICA DE PRIVACIDAD<\/strong>\n\nSi est\u00e1 aqu\u00ed es porque desea saber m\u00e1s sobre las obligaciones y derechos que le corresponden como usuario de esta web <strong><\/strong>  y eso est\u00e1 muy bien. Nuestro deber es informarle y el suyo estar debidamente informado. \n\nEn esta Pol\u00edtica de Privacidad le informaremos con total transparencia sobre la finalidad de este sitio web y todo aquello que afecta a los datos que nos facilite, as\u00ed como de las obligaciones y derechos que le corresponden.\n\nPara empezar, debe saber que este sitio web se adapta a la normativa vigente en relaci\u00f3n con la protecci\u00f3n de datos, lo cual afecta a los datos personales que nos facilite con su consentimiento expreso y a las cookies que utilizamos para que este sitio web funcione correctamente y pueda desarrollar su actividad.\n\nConcretamente, esta web se ajusta al cumplimiento de las siguientes normativas:\n<ul>\n \t<li><strong>El RGPD<\/strong> (Reglamento (UE) 2016\/679 del Parlamento Europeo y del Consejo, de 27 de abril de 2016, relativo a la protecci\u00f3n de las personas f\u00edsicas), que unifica la regulaci\u00f3n del tratamiento de los datos personales en los diferentes pa\u00edses de la UE.<\/li>\n \t<li><strong>La LOPDGDD<\/strong> (Ley Org\u00e1nica 3\/2018, de 5 de diciembre, de Protecci\u00f3n de Datos Personales y garant\u00eda de los derechos digitales), que adapta la normativa espa\u00f1ola al RGPD y regula derechos digitales.<\/li>\n \t<li><strong>La LSSI<\/strong> (Ley 34\/2002, de 11 de julio, de Servicios de la Sociedad de la Informaci\u00f3n y de Comercio Electr\u00f3nico), que regula las transacciones econ\u00f3micas mediante medios electr\u00f3nicos, como es el caso de este blog.<\/li>\n<\/ul>\n<strong>DATOS DE IDENTIFICACI\u00d3N<\/strong>\n\nEl responsable y titular de este sitio web es  <strong><\/strong>:\n<ul>\n \t<li><strong>Nombre:<\/strong> <\/li>\n \t<li><strong>NIF:<\/strong> <\/li>\n \t<li><strong>Domicilio Social:<\/strong> <\/li>\n \t<li><strong>Actividad del sitio web:<\/strong> Distribuci\u00f3n de contenido relacionado con <strong><\/strong>, muestra de publicidad y recomendaci\u00f3n de productos de afiliaci\u00f3n.<\/li>\n \t<li><strong>Correo electr\u00f3nico:<\/strong><\/li>\n<\/ul>\nLos datos que nos facilite con su consentimiento, y de acuerdo con el uso establecido en nuestra Pol\u00edtica de Privacidad, ser\u00e1n incorporados a un fichero automatizado debidamente inscrito en la Agencia Espa\u00f1ola de Protecci\u00f3n de Datos. Esto significa que sus datos est\u00e1n seguros, de acuerdo con lo que establece la ley. \n\nLos datos personales que nos facilite, siempre con su consentimiento expreso, se almacenar\u00e1n y se tratar\u00e1n con las finalidades previstas y descritas a continuaci\u00f3n en esta Pol\u00edtica de Privacidad, hasta el momento en que nos pida que los eliminemos.\n\nLe informamos de que esta Pol\u00edtica de Privacidad puede ser modificada en cualquier momento para adaptarla a novedades legislativas o cambios en nuestras actividades. La versi\u00f3n vigente ser\u00e1 siempre la publicada en esta web, y cualquier modificaci\u00f3n relevante le ser\u00e1 notificada antes de su aplicaci\u00f3n. \n\n<strong>CONDICIONES DE USO<\/strong>\n\nDebe saber, para su tranquilidad, que siempre le solicitaremos su consentimiento expreso para recoger sus datos con la finalidad correspondiente especificada en cada caso. Esto implica que, en caso de otorgar dicho consentimiento, ha le\u00eddo y aceptado esta Pol\u00edtica de Privacidad. \n\nAl acceder y utilizar esta web, asume su condici\u00f3n de usuario con sus correspondientes derechos y obligaciones.\n<ul>\n \t<li>Si es mayor de 14 a\u00f1os, podr\u00e1 registrarse como usuario en este sitio web sin el consentimiento previo de sus padres o tutores.<\/li>\n \t<li>Si es menor de 14 a\u00f1os, necesitar\u00e1 el consentimiento de sus padres o tutores para el tratamiento de sus datos personales.<\/li>\n<\/ul>\n<strong>REGISTRO Y FINALIDAD DE SUS DATOS<\/strong>\n\nEn funci\u00f3n del formulario o secci\u00f3n a la que acceda, le solicitaremos exclusivamente los datos necesarios con las finalidades descritas a continuaci\u00f3n. En todo momento, deber\u00e1 dar su consentimiento expreso cuando le solicitemos informaci\u00f3n personal para: \n<ul>\n \t<li>Las finalidades concretas que particularmente se indiquen en cada una de las p\u00e1ginas o secciones donde aparezca el formulario de registro o contacto electr\u00f3nico.<\/li>\n \t<li>Atender sus solicitudes, comentarios, consultas o cualquier tipo de petici\u00f3n que realice como usuario a trav\u00e9s de cualquiera de las formas de contacto disponibles.<\/li>\n \t<li>Informarle sobre consultas, actividades, productos, novedades y\/o servicios por diversos medios electr\u00f3nicos o f\u00edsicos.<\/li>\n \t<li>Enviarle comunicaciones comerciales relacionadas con nuestros productos, servicios o promociones, as\u00ed como aquellos productos o servicios que podamos considerar de su inter\u00e9s ofrecidos por colaboradores o \u00abpartners\u00bb con quienes mantengamos acuerdos de promoci\u00f3n.<\/li>\n<\/ul>\nEstas comunicaciones ser\u00e1n realizadas siempre por Nombre empresa, sin que terceros tengan acceso a sus datos personales.\n\n<strong>EXACTITUD Y VERACIDAD DE LOS DATOS<\/strong>\n\nComo usuario, es responsable de la veracidad y actualizaci\u00f3n de los datos que proporcione. Acepta proporcionar informaci\u00f3n completa y correcta en los formularios de contacto o suscripci\u00f3n. \n\n<strong>BAJAS DE SUSCRIPCI\u00d3N Y DERECHO DE REVOCACI\u00d3N<\/strong>\n\nComo titular de los datos, podr\u00e1 ejercer en cualquier momento sus derechos de acceso, rectificaci\u00f3n, cancelaci\u00f3n y oposici\u00f3n enviando un correo electr\u00f3nico a  <strong><\/strong>  adjuntando una copia de su documento de identidad como prueba v\u00e1lida.\n\n<strong>ACCESO A DATOS POR CUENTA DE TERCEROS<\/strong>\n\nPara prestar servicios necesarios, compartimos datos con:\n<ul>\n \t<li><strong>Dinahosting SL<\/strong>, proveedor de hosting. M\u00e1s informaci\u00f3n en <a href=\"https:\/\/dinahosting.com\/legal\/proteccion-datos\">https:\/\/dinahosting.com\/legal\/proteccion-datos<\/a>. <\/li>\n \t<li><strong>Google Analytics<\/strong>: Analiza el uso del sitio web. Consulte su pol\u00edtica de privacidad en <a href=\"https:\/\/www.google.com\/intl\/es\/policies\/privacy\/\">https:\/\/www.google.com\/intl\/es\/policies\/privacy\/<\/a>. <\/li>\n \t<li><strong>Google Adsense<\/strong>: Publica anuncios personalizados. Consulte su pol\u00edtica en <a href=\"https:\/\/www.google.com\/intl\/es\/policies\/privacy\/\">https:\/\/www.google.com\/intl\/es\/policies\/privacy\/<\/a>. <\/li>\n<\/ul>\n<strong>MEDIDAS DE SEGURIDAD<\/strong>\n\nNombre empresa ha adoptado todas las medidas necesarias para garantizar la seguridad e integridad de sus datos personales y evitar su p\u00e9rdida, alteraci\u00f3n o acceso no autorizado por terceros.\n\nPara m\u00e1s informaci\u00f3n, puede consultar nuestras p\u00e1ginas de Aviso Legal y Pol\u00edtica de Cookies.\t\t\t\t\t\t\t\t<\/div>\n\t\t\t\t<\/div>\n\t\t\t\t\t<\/div>\n\t\t\t\t<\/div>\n\t\t\t\t<\/div>\n\t\t","protected":false},"excerpt":{"rendered":"<p>POL\u00cdTICA DE PRIVACIDAD POL\u00cdTICA DE PRIVACIDAD Si est\u00e1 aqu\u00ed es porque desea saber m\u00e1s sobre las obligaciones y derechos que le corresponden como usuario de esta web y eso est\u00e1 muy bien. Nuestro deber es informarle y el suyo estar debidamente informado. En esta Pol\u00edtica de Privacidad le informaremos con total transparencia sobre la finalidad [&hellip;]<\/p>\n","protected":false},"author":3,"featured_media":0,"parent":0,"menu_order":0,"comment_status":"closed","ping_status":"closed","template":"elementor_header_footer","meta":{"_acf_changed":false,"inline_featured_image":false,"footnotes":""},"class_list":["post-3029","page","type-page","status-publish","hentry"],"acf":[],"yoast_head":"<!-- This site is optimized with the Yoast SEO plugin v27.2 - https:\/\/yoast.com\/product\/yoast-seo-wordpress\/ -->\n<title>\u25b7Pol\u00edtica de privacidad - \u3010 Acad\u00e8mia Sarroca \u3011<\/title>\n<meta name=\"description\" content=\"POL\u00cdTICA DE PRIVACIDAD POL\u00cdTICA DE PRIVACIDAD Si est\u00e1 aqu\u00ed es porque desea saber m\u00e1s sobre las obligaciones y derechos que le corresponden como usuario de \u2713\" \/>\n<meta name=\"robots\" content=\"noindex, nofollow\" \/>\n<meta property=\"og:locale\" content=\"es_ES\" \/>\n<meta property=\"og:type\" content=\"article\" \/>\n<meta property=\"og:title\" content=\"\u25b7Pol\u00edtica de privacidad - \u3010 Acad\u00e8mia Sarroca \u3011\" \/>\n<meta property=\"og:description\" content=\"POL\u00cdTICA DE PRIVACIDAD POL\u00cdTICA DE PRIVACIDAD Si est\u00e1 aqu\u00ed es porque desea saber m\u00e1s sobre las obligaciones y derechos que le corresponden como usuario de \u2713\" \/>\n<meta property=\"og:url\" content=\"https:\/\/www.academiasarroca.com\/es\/politica-de-privacidad\/\" \/>\n<meta property=\"og:site_name\" content=\"Acad\u00e8mia Sarroca\" \/>\n<meta property=\"article:modified_time\" content=\"2026-03-17T13:26:09+00:00\" \/>\n<meta name=\"twitter:card\" content=\"summary_large_image\" \/>\n<meta name=\"twitter:label1\" content=\"Tiempo de lectura\" \/>\n\t<meta name=\"twitter:data1\" content=\"5 minutos\" \/>\n<script type=\"application\/ld+json\" class=\"yoast-schema-graph\">{\"@context\":\"https:\/\/schema.org\",\"@graph\":[{\"@type\":\"WebPage\",\"@id\":\"https:\/\/www.academiasarroca.com\/es\/politica-de-privacidad\/\",\"url\":\"https:\/\/www.academiasarroca.com\/es\/politica-de-privacidad\/\",\"name\":\"\u25b7Pol\u00edtica de privacidad - \u3010 Acad\u00e8mia Sarroca \u3011\",\"isPartOf\":{\"@id\":\"https:\/\/www.academiasarroca.com\/#website\"},\"datePublished\":\"2021-10-14T13:46:36+00:00\",\"dateModified\":\"2026-03-17T13:26:09+00:00\",\"description\":\"POL\u00cdTICA DE PRIVACIDAD POL\u00cdTICA DE PRIVACIDAD Si est\u00e1 aqu\u00ed es porque desea saber m\u00e1s sobre las obligaciones y derechos que le corresponden como usuario de \u2713\",\"breadcrumb\":{\"@id\":\"https:\/\/www.academiasarroca.com\/es\/politica-de-privacidad\/#breadcrumb\"},\"inLanguage\":\"es\",\"potentialAction\":[{\"@type\":\"ReadAction\",\"target\":[\"https:\/\/www.academiasarroca.com\/es\/politica-de-privacidad\/\"]}]},{\"@type\":\"BreadcrumbList\",\"@id\":\"https:\/\/www.academiasarroca.com\/es\/politica-de-privacidad\/#breadcrumb\",\"itemListElement\":[{\"@type\":\"ListItem\",\"position\":1,\"name\":\"Portada\",\"item\":\"https:\/\/www.academiasarroca.com\/es\/inicio\/\"},{\"@type\":\"ListItem\",\"position\":2,\"name\":\"Pol\u00edtica de privacidad\"}]},{\"@type\":\"WebSite\",\"@id\":\"https:\/\/www.academiasarroca.com\/#website\",\"url\":\"https:\/\/www.academiasarroca.com\/\",\"name\":\"Acad\u00e8mia Sarroca\",\"description\":\"L&#039;Escola d&#039;Angl\u00e8s de M\u00f3ra d&#039;Ebre\",\"publisher\":{\"@id\":\"https:\/\/www.academiasarroca.com\/#organization\"},\"potentialAction\":[{\"@type\":\"SearchAction\",\"target\":{\"@type\":\"EntryPoint\",\"urlTemplate\":\"https:\/\/www.academiasarroca.com\/?s={search_term_string}\"},\"query-input\":{\"@type\":\"PropertyValueSpecification\",\"valueRequired\":true,\"valueName\":\"search_term_string\"}}],\"inLanguage\":\"es\"},{\"@type\":\"Organization\",\"@id\":\"https:\/\/www.academiasarroca.com\/#organization\",\"name\":\"Acad\u00e8mia Sarroca\",\"url\":\"https:\/\/www.academiasarroca.com\/\",\"logo\":{\"@type\":\"ImageObject\",\"inLanguage\":\"es\",\"@id\":\"https:\/\/www.academiasarroca.com\/#\/schema\/logo\/image\/\",\"url\":\"https:\/\/www.academiasarroca.com\/wp-content\/uploads\/2021\/10\/cropped-wwwarcelona-logo.png\",\"contentUrl\":\"https:\/\/www.academiasarroca.com\/wp-content\/uploads\/2021\/10\/cropped-wwwarcelona-logo.png\",\"width\":934,\"height\":266,\"caption\":\"Acad\u00e8mia Sarroca\"},\"image\":{\"@id\":\"https:\/\/www.academiasarroca.com\/#\/schema\/logo\/image\/\"}}]}<\/script>\n<!-- \/ Yoast SEO plugin. -->","yoast_head_json":{"title":"\u25b7Pol\u00edtica de privacidad - \u3010 Acad\u00e8mia Sarroca \u3011","description":"POL\u00cdTICA DE PRIVACIDAD POL\u00cdTICA DE PRIVACIDAD Si est\u00e1 aqu\u00ed es porque desea saber m\u00e1s sobre las obligaciones y derechos que le corresponden como usuario de \u2713","robots":{"index":"noindex","follow":"nofollow"},"og_locale":"es_ES","og_type":"article","og_title":"\u25b7Pol\u00edtica de privacidad - \u3010 Acad\u00e8mia Sarroca \u3011","og_description":"POL\u00cdTICA DE PRIVACIDAD POL\u00cdTICA DE PRIVACIDAD Si est\u00e1 aqu\u00ed es porque desea saber m\u00e1s sobre las obligaciones y derechos que le corresponden como usuario de \u2713","og_url":"https:\/\/www.academiasarroca.com\/es\/politica-de-privacidad\/","og_site_name":"Acad\u00e8mia Sarroca","article_modified_time":"2026-03-17T13:26:09+00:00","twitter_card":"summary_large_image","twitter_misc":{"Tiempo de lectura":"5 minutos"},"schema":{"@context":"https:\/\/schema.org","@graph":[{"@type":"WebPage","@id":"https:\/\/www.academiasarroca.com\/es\/politica-de-privacidad\/","url":"https:\/\/www.academiasarroca.com\/es\/politica-de-privacidad\/","name":"\u25b7Pol\u00edtica de privacidad - \u3010 Acad\u00e8mia Sarroca \u3011","isPartOf":{"@id":"https:\/\/www.academiasarroca.com\/#website"},"datePublished":"2021-10-14T13:46:36+00:00","dateModified":"2026-03-17T13:26:09+00:00","description":"POL\u00cdTICA DE PRIVACIDAD POL\u00cdTICA DE PRIVACIDAD Si est\u00e1 aqu\u00ed es porque desea saber m\u00e1s sobre las obligaciones y derechos que le corresponden como usuario de \u2713","breadcrumb":{"@id":"https:\/\/www.academiasarroca.com\/es\/politica-de-privacidad\/#breadcrumb"},"inLanguage":"es","potentialAction":[{"@type":"ReadAction","target":["https:\/\/www.academiasarroca.com\/es\/politica-de-privacidad\/"]}]},{"@type":"BreadcrumbList","@id":"https:\/\/www.academiasarroca.com\/es\/politica-de-privacidad\/#breadcrumb","itemListElement":[{"@type":"ListItem","position":1,"name":"Portada","item":"https:\/\/www.academiasarroca.com\/es\/inicio\/"},{"@type":"ListItem","position":2,"name":"Pol\u00edtica de privacidad"}]},{"@type":"WebSite","@id":"https:\/\/www.academiasarroca.com\/#website","url":"https:\/\/www.academiasarroca.com\/","name":"Acad\u00e8mia Sarroca","description":"L&#039;Escola d&#039;Angl\u00e8s de M\u00f3ra d&#039;Ebre","publisher":{"@id":"https:\/\/www.academiasarroca.com\/#organization"},"potentialAction":[{"@type":"SearchAction","target":{"@type":"EntryPoint","urlTemplate":"https:\/\/www.academiasarroca.com\/?s={search_term_string}"},"query-input":{"@type":"PropertyValueSpecification","valueRequired":true,"valueName":"search_term_string"}}],"inLanguage":"es"},{"@type":"Organization","@id":"https:\/\/www.academiasarroca.com\/#organization","name":"Acad\u00e8mia Sarroca","url":"https:\/\/www.academiasarroca.com\/","logo":{"@type":"ImageObject","inLanguage":"es","@id":"https:\/\/www.academiasarroca.com\/#\/schema\/logo\/image\/","url":"https:\/\/www.academiasarroca.com\/wp-content\/uploads\/2021\/10\/cropped-wwwarcelona-logo.png","contentUrl":"https:\/\/www.academiasarroca.com\/wp-content\/uploads\/2021\/10\/cropped-wwwarcelona-logo.png","width":934,"height":266,"caption":"Acad\u00e8mia Sarroca"},"image":{"@id":"https:\/\/www.academiasarroca.com\/#\/schema\/logo\/image\/"}}]}},"_links":{"self":[{"href":"https:\/\/www.academiasarroca.com\/es\/wp-json\/wp\/v2\/pages\/3029","targetHints":{"allow":["GET"]}}],"collection":[{"href":"https:\/\/www.academiasarroca.com\/es\/wp-json\/wp\/v2\/pages"}],"about":[{"href":"https:\/\/www.academiasarroca.com\/es\/wp-json\/wp\/v2\/types\/page"}],"author":[{"embeddable":true,"href":"https:\/\/www.academiasarroca.com\/es\/wp-json\/wp\/v2\/users\/3"}],"replies":[{"embeddable":true,"href":"https:\/\/www.academiasarroca.com\/es\/wp-json\/wp\/v2\/comments?post=3029"}],"version-history":[{"count":1,"href":"https:\/\/www.academiasarroca.com\/es\/wp-json\/wp\/v2\/pages\/3029\/revisions"}],"predecessor-version":[{"id":3030,"href":"https:\/\/www.academiasarroca.com\/es\/wp-json\/wp\/v2\/pages\/3029\/revisions\/3030"}],"wp:attachment":[{"href":"https:\/\/www.academiasarroca.com\/es\/wp-json\/wp\/v2\/media?parent=3029"}],"curies":[{"name":"wp","href":"https:\/\/api.w.org\/{rel}","templated":true}]}}