{"id":3051,"date":"2026-02-23T18:07:15","date_gmt":"2026-02-23T17:07:15","guid":{"rendered":"https:\/\/www.academiasarroca.com\/contacte\/"},"modified":"2026-03-17T14:26:48","modified_gmt":"2026-03-17T13:26:48","slug":"contacte","status":"publish","type":"page","link":"https:\/\/www.academiasarroca.com\/es\/contacte\/","title":{"rendered":"Contacte"},"content":{"rendered":"\t\t<div data-elementor-type=\"wp-page\" data-elementor-id=\"3051\" class=\"elementor elementor-3051 elementor-2018\" data-elementor-post-type=\"page\">\n\t\t\t\t<div class=\"elementor-element elementor-element-1470772 e-flex e-con-boxed e-con e-parent\" data-id=\"1470772\" data-element_type=\"container\" data-e-type=\"container\">\n\t\t\t\t\t<div class=\"e-con-inner\">\n\t\t\t\t<div class=\"elementor-element elementor-element-53ab423 elementor-invisible elementor-widget elementor-widget-shortcode\" data-id=\"53ab423\" data-element_type=\"widget\" data-e-type=\"widget\" data-settings=\"{&quot;_animation&quot;:&quot;fadeInUp&quot;}\" data-widget_type=\"shortcode.default\">\n\t\t\t\t<div class=\"elementor-widget-container\">\n\t\t\t\t\t\t\t<div class=\"elementor-shortcode\">\t\t<div data-elementor-type=\"container\" data-elementor-id=\"2922\" class=\"elementor elementor-2922 elementor-1464 elementor-1464\" data-elementor-post-type=\"elementor_library\">\n\t\t\t\t<div class=\"elementor-element elementor-element-13fca62 e-con-full e-flex e-con e-parent\" data-id=\"13fca62\" data-element_type=\"container\" data-e-type=\"container\">\n\t\t\t\t<div class=\"elementor-element elementor-element-1db2b4e elementor-widget elementor-widget-heading\" data-id=\"1db2b4e\" data-element_type=\"widget\" data-e-type=\"widget\" data-widget_type=\"heading.default\">\n\t\t\t\t<div class=\"elementor-widget-container\">\n\t\t\t\t\t<h2 class=\"elementor-heading-title elementor-size-default\">Solicite informaci\u00f3n sin compromiso<\/h2>\t\t\t\t<\/div>\n\t\t\t\t<\/div>\n\t\t\t\t<div class=\"elementor-element elementor-element-5f1274b elementor-widget__width-initial elementor-widget-mobile__width-inherit elementor-widget elementor-widget-heading\" data-id=\"5f1274b\" data-element_type=\"widget\" data-e-type=\"widget\" data-widget_type=\"heading.default\">\n\t\t\t\t<div class=\"elementor-widget-container\">\n\t\t\t\t\t<span class=\"elementor-heading-title elementor-size-default\">Rellene el formulario y nuestro equipo se pondr\u00e1 en contacto con usted<\/span>\t\t\t\t<\/div>\n\t\t\t\t<\/div>\n\t\t<div class=\"elementor-element elementor-element-d66e714 e-con-full e-flex e-con e-child\" data-id=\"d66e714\" data-element_type=\"container\" data-e-type=\"container\" data-settings=\"{&quot;background_background&quot;:&quot;classic&quot;}\">\n\t\t<div class=\"elementor-element elementor-element-9cf5e1f e-con-full e-flex e-con e-child\" data-id=\"9cf5e1f\" data-element_type=\"container\" data-e-type=\"container\" data-settings=\"{&quot;background_background&quot;:&quot;classic&quot;}\">\n\t\t\t\t<div class=\"elementor-element elementor-element-131d633 elementor-widget elementor-widget-heading\" data-id=\"131d633\" data-element_type=\"widget\" data-e-type=\"widget\" data-widget_type=\"heading.default\">\n\t\t\t\t<div class=\"elementor-widget-container\">\n\t\t\t\t\t<span class=\"elementor-heading-title elementor-size-default\">Informaci\u00f3n de contacto<\/span>\t\t\t\t<\/div>\n\t\t\t\t<\/div>\n\t\t\t\t<div class=\"elementor-element elementor-element-78ed175 elementor-view-stacked elementor-shape-rounded elementor-position-inline-start elementor-mobile-position-inline-start elementor-widget elementor-widget-icon-box\" data-id=\"78ed175\" data-element_type=\"widget\" data-e-type=\"widget\" data-widget_type=\"icon-box.default\">\n\t\t\t\t<div class=\"elementor-widget-container\">\n\t\t\t\t\t\t\t<div class=\"elementor-icon-box-wrapper\">\n\n\t\t\t\t\t\t<div class=\"elementor-icon-box-icon\">\n\t\t\t\t<a href=\"tel:977400852\" class=\"elementor-icon\" tabindex=\"-1\" aria-label=\"Tel\u00e9fono\">\n\t\t\t\t<svg xmlns=\"http:\/\/www.w3.org\/2000\/svg\" width=\"20\" height=\"20\" viewBox=\"0 0 20 20\" fill=\"none\"><g clip-path=\"url(#clip0_2066_1051)\"><path d=\"M18.3332 14.0999V16.5999C18.3341 16.832 18.2866 17.0617 18.1936 17.2744C18.1006 17.487 17.9643 17.6779 17.7933 17.8348C17.6222 17.9917 17.4203 18.1112 17.2005 18.1855C16.9806 18.2599 16.7477 18.2875 16.5165 18.2666C13.9522 17.988 11.489 17.1117 9.32486 15.7083C7.31139 14.4288 5.60431 12.7217 4.32486 10.7083C2.91651 8.53426 2.04007 6.05908 1.76653 3.48325C1.7457 3.25281 1.77309 3.02055 1.84695 2.80127C1.9208 2.58199 2.03951 2.38049 2.1955 2.2096C2.3515 2.03871 2.54137 1.90218 2.75302 1.80869C2.96468 1.7152 3.19348 1.6668 3.42486 1.66658H5.92486C6.32928 1.6626 6.72136 1.80582 7.028 2.06953C7.33464 2.33324 7.53493 2.69946 7.59153 3.09992C7.69705 3.89997 7.89274 4.68552 8.17486 5.44158C8.28698 5.73985 8.31125 6.06401 8.24478 6.37565C8.17832 6.68729 8.02392 6.97334 7.79986 7.19992L6.74153 8.25825C7.92783 10.3445 9.65524 12.072 11.7415 13.2583L12.7999 12.1999C13.0264 11.9759 13.3125 11.8215 13.6241 11.755C13.9358 11.6885 14.2599 11.7128 14.5582 11.8249C15.3143 12.107 16.0998 12.3027 16.8999 12.4083C17.3047 12.4654 17.6744 12.6693 17.9386 12.9812C18.2029 13.2931 18.3433 13.6912 18.3332 14.0999Z\" stroke=\"white\" stroke-width=\"1.66667\" stroke-linecap=\"round\" stroke-linejoin=\"round\"><\/path><\/g><defs><clipPath id=\"clip0_2066_1051\"><rect width=\"20\" height=\"20\" fill=\"white\"><\/rect><\/clipPath><\/defs><\/svg>\t\t\t\t<\/a>\n\t\t\t<\/div>\n\t\t\t\n\t\t\t\t\t\t<div class=\"elementor-icon-box-content\">\n\n\t\t\t\t\t\t\t\t\t<span class=\"elementor-icon-box-title\">\n\t\t\t\t\t\t<a href=\"tel:977400852\" >\n\t\t\t\t\t\t\tTel\u00e9fono\t\t\t\t\t\t<\/a>\n\t\t\t\t\t<\/span>\n\t\t\t\t\n\t\t\t\t\t\t\t\t\t<p class=\"elementor-icon-box-description\">\n\t\t\t\t\t\t977 40 08 52\t\t\t\t\t<\/p>\n\t\t\t\t\n\t\t\t<\/div>\n\t\t\t\n\t\t<\/div>\n\t\t\t\t\t\t<\/div>\n\t\t\t\t<\/div>\n\t\t\t\t<div class=\"elementor-element elementor-element-ce380b3 elementor-view-stacked elementor-shape-rounded elementor-position-inline-start elementor-mobile-position-inline-start elementor-widget elementor-widget-icon-box\" data-id=\"ce380b3\" data-element_type=\"widget\" data-e-type=\"widget\" data-widget_type=\"icon-box.default\">\n\t\t\t\t<div class=\"elementor-widget-container\">\n\t\t\t\t\t\t\t<div class=\"elementor-icon-box-wrapper\">\n\n\t\t\t\t\t\t<div class=\"elementor-icon-box-icon\">\n\t\t\t\t<a href=\"mailto:info@academiasarroca.com\" class=\"elementor-icon\" tabindex=\"-1\" aria-label=\"Correo electr\u00f3nico\">\n\t\t\t\t<svg xmlns=\"http:\/\/www.w3.org\/2000\/svg\" width=\"20\" height=\"20\" viewBox=\"0 0 20 20\" fill=\"none\"><path d=\"M16.667 3.3335H3.33366C2.41318 3.3335 1.66699 4.07969 1.66699 5.00016V15.0002C1.66699 15.9206 2.41318 16.6668 3.33366 16.6668H16.667C17.5875 16.6668 18.3337 15.9206 18.3337 15.0002V5.00016C18.3337 4.07969 17.5875 3.3335 16.667 3.3335Z\" stroke=\"white\" stroke-width=\"1.66667\" stroke-linecap=\"round\" stroke-linejoin=\"round\"><\/path><path d=\"M18.3337 5.8335L10.8587 10.5835C10.6014 10.7447 10.3039 10.8302 10.0003 10.8302C9.69673 10.8302 9.39927 10.7447 9.14199 10.5835L1.66699 5.8335\" stroke=\"white\" stroke-width=\"1.66667\" stroke-linecap=\"round\" stroke-linejoin=\"round\"><\/path><\/svg>\t\t\t\t<\/a>\n\t\t\t<\/div>\n\t\t\t\n\t\t\t\t\t\t<div class=\"elementor-icon-box-content\">\n\n\t\t\t\t\t\t\t\t\t<span class=\"elementor-icon-box-title\">\n\t\t\t\t\t\t<a href=\"mailto:info@academiasarroca.com\" >\n\t\t\t\t\t\t\tCorreo electr\u00f3nico\t\t\t\t\t\t<\/a>\n\t\t\t\t\t<\/span>\n\t\t\t\t\n\t\t\t\t\t\t\t\t\t<p class=\"elementor-icon-box-description\">\n\t\t\t\t\t\tinfo@academiasarroca.com\t\t\t\t\t<\/p>\n\t\t\t\t\n\t\t\t<\/div>\n\t\t\t\n\t\t<\/div>\n\t\t\t\t\t\t<\/div>\n\t\t\t\t<\/div>\n\t\t\t\t<div class=\"elementor-element elementor-element-2e13abf elementor-view-stacked elementor-shape-rounded elementor-position-inline-start elementor-mobile-position-inline-start elementor-widget elementor-widget-icon-box\" data-id=\"2e13abf\" data-element_type=\"widget\" data-e-type=\"widget\" data-widget_type=\"icon-box.default\">\n\t\t\t\t<div class=\"elementor-widget-container\">\n\t\t\t\t\t\t\t<div class=\"elementor-icon-box-wrapper\">\n\n\t\t\t\t\t\t<div class=\"elementor-icon-box-icon\">\n\t\t\t\t<span  class=\"elementor-icon\">\n\t\t\t\t<svg xmlns=\"http:\/\/www.w3.org\/2000\/svg\" width=\"20\" height=\"20\" viewBox=\"0 0 20 20\" fill=\"none\"><g clip-path=\"url(#clip0_2066_1070)\"><path d=\"M10.0003 18.3332C14.6027 18.3332 18.3337 14.6022 18.3337 9.99984C18.3337 5.39746 14.6027 1.6665 10.0003 1.6665C5.39795 1.6665 1.66699 5.39746 1.66699 9.99984C1.66699 14.6022 5.39795 18.3332 10.0003 18.3332Z\" stroke=\"white\" stroke-width=\"1.66667\" stroke-linecap=\"round\" stroke-linejoin=\"round\"><\/path><path d=\"M10 5V10L13.3333 11.6667\" stroke=\"white\" stroke-width=\"1.66667\" stroke-linecap=\"round\" stroke-linejoin=\"round\"><\/path><\/g><defs><clipPath id=\"clip0_2066_1070\"><rect width=\"20\" height=\"20\" fill=\"white\"><\/rect><\/clipPath><\/defs><\/svg>\t\t\t\t<\/span>\n\t\t\t<\/div>\n\t\t\t\n\t\t\t\t\t\t<div class=\"elementor-icon-box-content\">\n\n\t\t\t\t\t\t\t\t\t<span class=\"elementor-icon-box-title\">\n\t\t\t\t\t\t<span  >\n\t\t\t\t\t\t\tHorario de atenci\u00f3n\t\t\t\t\t\t<\/span>\n\t\t\t\t\t<\/span>\n\t\t\t\t\n\t\t\t\t\t\t\t\t\t<p class=\"elementor-icon-box-description\">\n\t\t\t\t\t\tLunes a viernes<br>9:00 - 13:00 \/ 16:00 - 20:00\t\t\t\t\t<\/p>\n\t\t\t\t\n\t\t\t<\/div>\n\t\t\t\n\t\t<\/div>\n\t\t\t\t\t\t<\/div>\n\t\t\t\t<\/div>\n\t\t\t\t<div class=\"elementor-element elementor-element-d80a072 elementor-widget elementor-widget-heading\" data-id=\"d80a072\" data-element_type=\"widget\" data-e-type=\"widget\" data-widget_type=\"heading.default\">\n\t\t\t\t<div class=\"elementor-widget-container\">\n\t\t\t\t\t<span class=\"elementor-heading-title elementor-size-default\">O si lo prefiere, vis\u00edtenos en nuestra academia<\/span>\t\t\t\t<\/div>\n\t\t\t\t<\/div>\n\t\t\t\t<div class=\"elementor-element elementor-element-1e67478 elementor-widget elementor-widget-heading\" data-id=\"1e67478\" data-element_type=\"widget\" data-e-type=\"widget\" data-widget_type=\"heading.default\">\n\t\t\t\t<div class=\"elementor-widget-container\">\n\t\t\t\t\t<span class=\"elementor-heading-title elementor-size-default\">Carrer Hostal, 1, 1.\u00ba- B<\/span>\t\t\t\t<\/div>\n\t\t\t\t<\/div>\n\t\t\t\t<div class=\"elementor-element elementor-element-5a68196 elementor-widget elementor-widget-heading\" data-id=\"5a68196\" data-element_type=\"widget\" data-e-type=\"widget\" data-widget_type=\"heading.default\">\n\t\t\t\t<div class=\"elementor-widget-container\">\n\t\t\t\t\t<span class=\"elementor-heading-title elementor-size-default\">43740 M\u00f3ra d\u2019Ebre, Tarragona<\/span>\t\t\t\t<\/div>\n\t\t\t\t<\/div>\n\t\t\t\t<\/div>\n\t\t<div class=\"elementor-element elementor-element-4bdd548 e-con-full e-flex e-con e-child\" data-id=\"4bdd548\" data-element_type=\"container\" data-e-type=\"container\">\n\t\t\t\t<div class=\"elementor-element elementor-element-c2d73c4 contact-form-global elementor-button-align-stretch elementor-widget elementor-widget-form\" data-id=\"c2d73c4\" data-element_type=\"widget\" data-e-type=\"widget\" data-settings=\"{&quot;step_next_label&quot;:&quot;Siguiente&quot;,&quot;step_previous_label&quot;:&quot;Anterior&quot;,&quot;button_width&quot;:&quot;100&quot;,&quot;step_type&quot;:&quot;number_text&quot;,&quot;step_icon_shape&quot;:&quot;circle&quot;}\" data-widget_type=\"form.default\">\n\t\t\t\t<div class=\"elementor-widget-container\">\n\t\t\t\t\t\t\t<form class=\"elementor-form\" method=\"post\" name=\"Nuevo formulario\" aria-label=\"Nuevo formulario\">\n\t\t\t<input type=\"hidden\" name=\"post_id\" value=\"2922\"\/>\n\t\t\t<input type=\"hidden\" name=\"form_id\" value=\"c2d73c4\"\/>\n\t\t\t<input type=\"hidden\" name=\"referer_title\" value=\"Acad\u00e8mia Sarroca\" \/>\n\n\t\t\t\n\t\t\t<div class=\"elementor-form-fields-wrapper elementor-labels-above\">\n\t\t\t\t\t\t\t\t<div class=\"elementor-field-type-text elementor-field-group elementor-column elementor-field-group-name elementor-col-50 elementor-field-required elementor-mark-required\">\n\t\t\t\t\t\t\t\t\t\t\t\t<label for=\"form-field-name\" class=\"elementor-field-label\">\n\t\t\t\t\t\t\t\tNombre\t\t\t\t\t\t\t<\/label>\n\t\t\t\t\t\t\t\t\t\t\t\t\t\t<input size=\"1\" type=\"text\" name=\"form_fields[name]\" id=\"form-field-name\" class=\"elementor-field elementor-size-sm  elementor-field-textual\" required=\"required\">\n\t\t\t\t\t\t\t\t\t\t\t<\/div>\n\t\t\t\t\t\t\t\t<div class=\"elementor-field-type-text elementor-field-group elementor-column elementor-field-group-surname elementor-col-50 elementor-field-required elementor-mark-required\">\n\t\t\t\t\t\t\t\t\t\t\t\t<label for=\"form-field-surname\" class=\"elementor-field-label\">\n\t\t\t\t\t\t\t\tApellidos\t\t\t\t\t\t\t<\/label>\n\t\t\t\t\t\t\t\t\t\t\t\t\t\t<input size=\"1\" type=\"text\" name=\"form_fields[surname]\" id=\"form-field-surname\" class=\"elementor-field elementor-size-sm  elementor-field-textual\" required=\"required\">\n\t\t\t\t\t\t\t\t\t\t\t<\/div>\n\t\t\t\t\t\t\t\t<div class=\"elementor-field-type-email elementor-field-group elementor-column elementor-field-group-email elementor-col-50 elementor-field-required elementor-mark-required\">\n\t\t\t\t\t\t\t\t\t\t\t\t<label for=\"form-field-email\" class=\"elementor-field-label\">\n\t\t\t\t\t\t\t\tCorreo electr\u00f3nico\t\t\t\t\t\t\t<\/label>\n\t\t\t\t\t\t\t\t\t\t\t\t\t\t<input size=\"1\" type=\"email\" name=\"form_fields[email]\" id=\"form-field-email\" class=\"elementor-field elementor-size-sm  elementor-field-textual\" required=\"required\">\n\t\t\t\t\t\t\t\t\t\t\t<\/div>\n\t\t\t\t\t\t\t\t<div class=\"elementor-field-type-email elementor-field-group elementor-column elementor-field-group-tel elementor-col-50 elementor-field-required elementor-mark-required\">\n\t\t\t\t\t\t\t\t\t\t\t\t<label for=\"form-field-tel\" class=\"elementor-field-label\">\n\t\t\t\t\t\t\t\tTel\u00e9fono\t\t\t\t\t\t\t<\/label>\n\t\t\t\t\t\t\t\t\t\t\t\t\t\t<input size=\"1\" type=\"email\" name=\"form_fields[tel]\" id=\"form-field-tel\" class=\"elementor-field elementor-size-sm  elementor-field-textual\" required=\"required\">\n\t\t\t\t\t\t\t\t\t\t\t<\/div>\n\t\t\t\t\t\t\t\t<div class=\"elementor-field-type-email elementor-field-group elementor-column elementor-field-group-age elementor-col-100 elementor-field-required elementor-mark-required\">\n\t\t\t\t\t\t\t\t\t\t\t\t<label for=\"form-field-age\" class=\"elementor-field-label\">\n\t\t\t\t\t\t\t\tEdad del estudiante\t\t\t\t\t\t\t<\/label>\n\t\t\t\t\t\t\t\t\t\t\t\t\t\t<input size=\"1\" type=\"email\" name=\"form_fields[age]\" id=\"form-field-age\" class=\"elementor-field elementor-size-sm  elementor-field-textual\" required=\"required\">\n\t\t\t\t\t\t\t\t\t\t\t<\/div>\n\t\t\t\t\t\t\t\t<div class=\"elementor-field-type-textarea elementor-field-group elementor-column elementor-field-group-message elementor-col-100\">\n\t\t\t\t\t\t\t\t\t\t\t\t<label for=\"form-field-message\" class=\"elementor-field-label\">\n\t\t\t\t\t\t\t\tMensaje o comentarios\t\t\t\t\t\t\t<\/label>\n\t\t\t\t\t\t<textarea class=\"elementor-field-textual elementor-field  elementor-size-sm\" name=\"form_fields[message]\" id=\"form-field-message\" rows=\"4\" placeholder=\"Expl\u00edquenos cualquier duda o informaci\u00f3n adicional...\"><\/textarea>\t\t\t\t<\/div>\n\t\t\t\t\t\t\t\t<div class=\"elementor-field-type-recaptcha_v3 elementor-field-group elementor-column elementor-field-group-recaptchav3 elementor-col-100 recaptcha_v3-bottomright\">\n\t\t\t\t\t<div class=\"elementor-field\" id=\"form-field-recaptchav3\"><div class=\"elementor-g-recaptcha\" data-sitekey=\"6LeDG0srAAAAAMsKWq4f9Fc5wHJQNcr2k2MyVZUM\" data-type=\"v3\" data-action=\"Form\" data-badge=\"bottomright\" data-size=\"invisible\"><\/div><\/div>\t\t\t\t<\/div>\n\t\t\t\t\t\t\t\t<div class=\"elementor-field-group elementor-column elementor-field-type-submit elementor-col-100 e-form__buttons\">\n\t\t\t\t\t<button class=\"elementor-button elementor-size-sm\" type=\"submit\">\n\t\t\t\t\t\t<span class=\"elementor-button-content-wrapper\">\n\t\t\t\t\t\t\t\t\t\t\t\t\t\t\t<span class=\"elementor-button-icon\">\n\t\t\t\t\t\t\t\t\t<i aria-hidden=\"true\" class=\"far fa-paper-plane\"><\/i>\t\t\t\t\t\t\t\t\t\t\t\t\t\t\t\t\t<\/span>\n\t\t\t\t\t\t\t\t\t\t\t\t\t\t\t\t\t\t\t\t\t\t<span class=\"elementor-button-text\">Enviar solicitud<\/span>\n\t\t\t\t\t\t\t\t\t\t\t\t\t<\/span>\n\t\t\t\t\t<\/button>\n\t\t\t\t<\/div>\n\t\t\t<\/div>\n\t\t<\/form>\n\t\t\t\t\t\t<\/div>\n\t\t\t\t<\/div>\n\t\t\t\t<div class=\"elementor-element elementor-element-4abaef9 elementor-widget elementor-widget-heading\" data-id=\"4abaef9\" data-element_type=\"widget\" data-e-type=\"widget\" data-widget_type=\"heading.default\">\n\t\t\t\t<div class=\"elementor-widget-container\">\n\t\t\t\t\t<span class=\"elementor-heading-title elementor-size-default\">* Campos obligatorios. Nos comprometemos a responder en menos de 24 horas. <\/span>\t\t\t\t<\/div>\n\t\t\t\t<\/div>\n\t\t\t\t<\/div>\n\t\t\t\t<\/div>\n\t\t\t\t<\/div>\n\t\t\t\t<\/div>\n\t\t<\/div>\n\t\t\t\t\t\t<\/div>\n\t\t\t\t<\/div>\n\t\t\t\t\t<\/div>\n\t\t\t\t<\/div>\n\t\t\t\t<\/div>\n\t\t","protected":false},"excerpt":{"rendered":"","protected":false},"author":3,"featured_media":0,"parent":0,"menu_order":0,"comment_status":"closed","ping_status":"closed","template":"","meta":{"_acf_changed":false,"inline_featured_image":false,"footnotes":""},"class_list":["post-3051","page","type-page","status-publish","hentry"],"acf":[],"yoast_head":"<!-- This site is optimized with the Yoast SEO plugin v27.2 - https:\/\/yoast.com\/product\/yoast-seo-wordpress\/ -->\n<title>\u25b7Contacte - \u3010 Acad\u00e8mia Sarroca \u3011<\/title>\n<meta name=\"description\" content=\"\u2713\" \/>\n<meta name=\"robots\" content=\"index, follow, max-snippet:-1, max-image-preview:large, max-video-preview:-1\" \/>\n<link rel=\"canonical\" href=\"https:\/\/www.academiasarroca.com\/es\/contacte\/\" \/>\n<meta property=\"og:locale\" content=\"es_ES\" \/>\n<meta property=\"og:type\" content=\"article\" \/>\n<meta property=\"og:title\" content=\"\u25b7Contacte - \u3010 Acad\u00e8mia Sarroca \u3011\" \/>\n<meta property=\"og:description\" content=\"\u2713\" \/>\n<meta property=\"og:url\" content=\"https:\/\/www.academiasarroca.com\/es\/contacte\/\" \/>\n<meta property=\"og:site_name\" content=\"Acad\u00e8mia Sarroca\" \/>\n<meta property=\"article:modified_time\" content=\"2026-03-17T13:26:48+00:00\" \/>\n<meta name=\"twitter:card\" content=\"summary_large_image\" \/>\n<script type=\"application\/ld+json\" class=\"yoast-schema-graph\">{\"@context\":\"https:\/\/schema.org\",\"@graph\":[{\"@type\":\"WebPage\",\"@id\":\"https:\/\/www.academiasarroca.com\/es\/contacte\/\",\"url\":\"https:\/\/www.academiasarroca.com\/es\/contacte\/\",\"name\":\"\u25b7Contacte - \u3010 Acad\u00e8mia Sarroca \u3011\",\"isPartOf\":{\"@id\":\"https:\/\/www.academiasarroca.com\/#website\"},\"datePublished\":\"2026-02-23T17:07:15+00:00\",\"dateModified\":\"2026-03-17T13:26:48+00:00\",\"description\":\"\u2713\",\"breadcrumb\":{\"@id\":\"https:\/\/www.academiasarroca.com\/es\/contacte\/#breadcrumb\"},\"inLanguage\":\"es\",\"potentialAction\":[{\"@type\":\"ReadAction\",\"target\":[\"https:\/\/www.academiasarroca.com\/es\/contacte\/\"]}]},{\"@type\":\"BreadcrumbList\",\"@id\":\"https:\/\/www.academiasarroca.com\/es\/contacte\/#breadcrumb\",\"itemListElement\":[{\"@type\":\"ListItem\",\"position\":1,\"name\":\"Portada\",\"item\":\"https:\/\/www.academiasarroca.com\/es\/inicio\/\"},{\"@type\":\"ListItem\",\"position\":2,\"name\":\"Contacte\"}]},{\"@type\":\"WebSite\",\"@id\":\"https:\/\/www.academiasarroca.com\/#website\",\"url\":\"https:\/\/www.academiasarroca.com\/\",\"name\":\"Acad\u00e8mia Sarroca\",\"description\":\"L&#039;Escola d&#039;Angl\u00e8s de M\u00f3ra d&#039;Ebre\",\"publisher\":{\"@id\":\"https:\/\/www.academiasarroca.com\/#organization\"},\"potentialAction\":[{\"@type\":\"SearchAction\",\"target\":{\"@type\":\"EntryPoint\",\"urlTemplate\":\"https:\/\/www.academiasarroca.com\/?s={search_term_string}\"},\"query-input\":{\"@type\":\"PropertyValueSpecification\",\"valueRequired\":true,\"valueName\":\"search_term_string\"}}],\"inLanguage\":\"es\"},{\"@type\":\"Organization\",\"@id\":\"https:\/\/www.academiasarroca.com\/#organization\",\"name\":\"Acad\u00e8mia Sarroca\",\"url\":\"https:\/\/www.academiasarroca.com\/\",\"logo\":{\"@type\":\"ImageObject\",\"inLanguage\":\"es\",\"@id\":\"https:\/\/www.academiasarroca.com\/#\/schema\/logo\/image\/\",\"url\":\"https:\/\/www.academiasarroca.com\/wp-content\/uploads\/2021\/10\/cropped-wwwarcelona-logo.png\",\"contentUrl\":\"https:\/\/www.academiasarroca.com\/wp-content\/uploads\/2021\/10\/cropped-wwwarcelona-logo.png\",\"width\":934,\"height\":266,\"caption\":\"Acad\u00e8mia Sarroca\"},\"image\":{\"@id\":\"https:\/\/www.academiasarroca.com\/#\/schema\/logo\/image\/\"}}]}<\/script>\n<!-- \/ Yoast SEO plugin. -->","yoast_head_json":{"title":"\u25b7Contacte - \u3010 Acad\u00e8mia Sarroca \u3011","description":"\u2713","robots":{"index":"index","follow":"follow","max-snippet":"max-snippet:-1","max-image-preview":"max-image-preview:large","max-video-preview":"max-video-preview:-1"},"canonical":"https:\/\/www.academiasarroca.com\/es\/contacte\/","og_locale":"es_ES","og_type":"article","og_title":"\u25b7Contacte - \u3010 Acad\u00e8mia Sarroca \u3011","og_description":"\u2713","og_url":"https:\/\/www.academiasarroca.com\/es\/contacte\/","og_site_name":"Acad\u00e8mia Sarroca","article_modified_time":"2026-03-17T13:26:48+00:00","twitter_card":"summary_large_image","schema":{"@context":"https:\/\/schema.org","@graph":[{"@type":"WebPage","@id":"https:\/\/www.academiasarroca.com\/es\/contacte\/","url":"https:\/\/www.academiasarroca.com\/es\/contacte\/","name":"\u25b7Contacte - \u3010 Acad\u00e8mia Sarroca \u3011","isPartOf":{"@id":"https:\/\/www.academiasarroca.com\/#website"},"datePublished":"2026-02-23T17:07:15+00:00","dateModified":"2026-03-17T13:26:48+00:00","description":"\u2713","breadcrumb":{"@id":"https:\/\/www.academiasarroca.com\/es\/contacte\/#breadcrumb"},"inLanguage":"es","potentialAction":[{"@type":"ReadAction","target":["https:\/\/www.academiasarroca.com\/es\/contacte\/"]}]},{"@type":"BreadcrumbList","@id":"https:\/\/www.academiasarroca.com\/es\/contacte\/#breadcrumb","itemListElement":[{"@type":"ListItem","position":1,"name":"Portada","item":"https:\/\/www.academiasarroca.com\/es\/inicio\/"},{"@type":"ListItem","position":2,"name":"Contacte"}]},{"@type":"WebSite","@id":"https:\/\/www.academiasarroca.com\/#website","url":"https:\/\/www.academiasarroca.com\/","name":"Acad\u00e8mia Sarroca","description":"L&#039;Escola d&#039;Angl\u00e8s de M\u00f3ra d&#039;Ebre","publisher":{"@id":"https:\/\/www.academiasarroca.com\/#organization"},"potentialAction":[{"@type":"SearchAction","target":{"@type":"EntryPoint","urlTemplate":"https:\/\/www.academiasarroca.com\/?s={search_term_string}"},"query-input":{"@type":"PropertyValueSpecification","valueRequired":true,"valueName":"search_term_string"}}],"inLanguage":"es"},{"@type":"Organization","@id":"https:\/\/www.academiasarroca.com\/#organization","name":"Acad\u00e8mia Sarroca","url":"https:\/\/www.academiasarroca.com\/","logo":{"@type":"ImageObject","inLanguage":"es","@id":"https:\/\/www.academiasarroca.com\/#\/schema\/logo\/image\/","url":"https:\/\/www.academiasarroca.com\/wp-content\/uploads\/2021\/10\/cropped-wwwarcelona-logo.png","contentUrl":"https:\/\/www.academiasarroca.com\/wp-content\/uploads\/2021\/10\/cropped-wwwarcelona-logo.png","width":934,"height":266,"caption":"Acad\u00e8mia Sarroca"},"image":{"@id":"https:\/\/www.academiasarroca.com\/#\/schema\/logo\/image\/"}}]}},"_links":{"self":[{"href":"https:\/\/www.academiasarroca.com\/es\/wp-json\/wp\/v2\/pages\/3051","targetHints":{"allow":["GET"]}}],"collection":[{"href":"https:\/\/www.academiasarroca.com\/es\/wp-json\/wp\/v2\/pages"}],"about":[{"href":"https:\/\/www.academiasarroca.com\/es\/wp-json\/wp\/v2\/types\/page"}],"author":[{"embeddable":true,"href":"https:\/\/www.academiasarroca.com\/es\/wp-json\/wp\/v2\/users\/3"}],"replies":[{"embeddable":true,"href":"https:\/\/www.academiasarroca.com\/es\/wp-json\/wp\/v2\/comments?post=3051"}],"version-history":[{"count":1,"href":"https:\/\/www.academiasarroca.com\/es\/wp-json\/wp\/v2\/pages\/3051\/revisions"}],"predecessor-version":[{"id":3052,"href":"https:\/\/www.academiasarroca.com\/es\/wp-json\/wp\/v2\/pages\/3051\/revisions\/3052"}],"wp:attachment":[{"href":"https:\/\/www.academiasarroca.com\/es\/wp-json\/wp\/v2\/media?parent=3051"}],"curies":[{"name":"wp","href":"https:\/\/api.w.org\/{rel}","templated":true}]}}